{"id":997618,"date":"2026-03-12T21:57:03","date_gmt":"2026-03-12T20:57:03","guid":{"rendered":"https:\/\/www.fpc.org.pl\/?page_id=997618"},"modified":"2026-04-24T14:16:01","modified_gmt":"2026-04-24T12:16:01","slug":"formularz-zgloszeniowy-lo","status":"publish","type":"page","link":"https:\/\/www.fpc.org.pl\/eng\/laboratorium-odpornosci\/formularz-zgloszeniowy-lo\/","title":{"rendered":"Laboratorium odporno\u015bci &#8211; formularz zg\u0142oszeniowy"},"content":{"rendered":"<div data-elementor-type=\"wp-page\" data-elementor-id=\"997618\" class=\"elementor elementor-997618\" data-elementor-post-type=\"page\">\n\t\t\t\t<div class=\"elementor-element elementor-element-e4b3373 e-flex e-con-boxed e-con e-parent\" data-id=\"e4b3373\" data-element_type=\"container\" data-e-type=\"container\">\n\t\t\t\t\t<div class=\"e-con-inner\">\n\t\t\t\t<div class=\"elementor-element elementor-element-97a1a1e elementor-widget elementor-widget-heading\" data-id=\"97a1a1e\" data-element_type=\"widget\" data-e-type=\"widget\" data-widget_type=\"heading.default\">\n\t\t\t\t<div class=\"elementor-widget-container\">\n\t\t\t\t\t<h2 class=\"elementor-heading-title elementor-size-default\">FORMULARZ ZG\u0141OSZENIOWY <br>Laboratorium Odporno\u015bci<\/h2>\t\t\t\t<\/div>\n\t\t\t\t<\/div>\n\t\t\t\t<div class=\"elementor-element elementor-element-96fed87 elementor-widget elementor-widget-heading\" data-id=\"96fed87\" data-element_type=\"widget\" data-e-type=\"widget\" data-widget_type=\"heading.default\">\n\t\t\t\t<div class=\"elementor-widget-container\">\n\t\t\t\t\t<h3 class=\"elementor-heading-title elementor-size-default\">BEZPIECZNE S\u0141OWA, MIEJSCA, WSP\u00d3LNOTY<\/h3>\t\t\t\t<\/div>\n\t\t\t\t<\/div>\n\t\t<div class=\"elementor-element elementor-element-db89991 e-con-full e-flex e-con e-child\" data-id=\"db89991\" data-element_type=\"container\" data-e-type=\"container\">\n\t\t\t\t<div class=\"elementor-element elementor-element-ca28258 elementor-widget elementor-widget-text-editor\" data-id=\"ca28258\" data-element_type=\"widget\" data-e-type=\"widget\" data-widget_type=\"text-editor.default\">\n\t\t\t\t<div class=\"elementor-widget-container\">\n\t\t\t\t\t\t\t\t\t<p><b>Zg\u0142oszenia przyjmujemy<\/b> <b>indywidualnie.&nbsp;<\/b><\/p>\n<p>W przypadku ch\u0119ci zg\u0142oszenia si\u0119 jako zesp\u00f3\u0142 prosimy o wype\u0142nienie formularza zg\u0142oszeniowego oraz <b>wskazanie koordynatora zespo\u0142u<\/b>, dzi\u0119ki kt\u00f3remu b\u0119dziemy mogli zidentyfikowa\u0107 zg\u0142oszenia jako jedn\u0105 grup\u0119.<\/p>\n<p>Zgodnie z regulaminem, kompletne zespo\u0142y maj\u0105 pierwsze\u0144stwo w procesie rekrutacji. O zakwalifikowaniu do projektu decyduje r\u00f3wnie\u017c kolejno\u015b\u0107 zg\u0142osze\u0144.&nbsp;<\/p>\n<p>Szczeg\u00f3\u0142owe zasady udzia\u0142u w projekcie znajduj\u0105 si\u0119 w <u>Regulaminie uczestnictwa Laboratorium Odporno\u015bci<\/u>.<\/p>\t\t\t\t\t\t\t\t<\/div>\n\t\t\t\t<\/div>\n\t\t\t\t<\/div>\n\t\t\t\t<div class=\"elementor-element elementor-element-0b7bdbf elementor-widget elementor-widget-heading\" data-id=\"0b7bdbf\" data-element_type=\"widget\" data-e-type=\"widget\" data-widget_type=\"heading.default\">\n\t\t\t\t<div class=\"elementor-widget-container\">\n\t\t\t\t\t<h3 class=\"elementor-heading-title elementor-size-default\">Aby zg\u0142osi\u0107 si\u0119 do projektu, <br>wype\u0142nij formularz zg\u0142oszeniowy:<\/h3>\t\t\t\t<\/div>\n\t\t\t\t<\/div>\n\t\t\t\t\t<\/div>\n\t\t\t\t<\/div>\n\t\t<div class=\"elementor-element elementor-element-d2c87b9 e-flex e-con-boxed e-con e-parent\" data-id=\"d2c87b9\" data-element_type=\"container\" data-e-type=\"container\">\n\t\t\t\t\t<div class=\"e-con-inner\">\n\t\t\t\t<div class=\"elementor-element elementor-element-486ea31 elementor-widget elementor-widget-shortcode\" data-id=\"486ea31\" data-element_type=\"widget\" data-e-type=\"widget\" data-widget_type=\"shortcode.default\">\n\t\t\t\t<div class=\"elementor-widget-container\">\n\t\t\t\t\t\t\t<div class=\"elementor-shortcode\"><div class=\"ml-embedded\" data-form=\"ADQJ3K\"><\/div><\/div>\n\t\t\t\t\t\t<\/div>\n\t\t\t\t<\/div>\n\t\t\t\t<div class=\"elementor-element elementor-element-71c9d31 elementor-widget elementor-widget-text-editor\" data-id=\"71c9d31\" data-element_type=\"widget\" data-e-type=\"widget\" data-widget_type=\"text-editor.default\">\n\t\t\t\t<div class=\"elementor-widget-container\">\n\t\t\t\t\t\t\t\t\t<p><span style=\"font-size: 12.0pt; font-family: 'Aptos',sans-serif; mso-fareast-font-family: Aptos; mso-fareast-theme-font: minor-latin; mso-bidi-font-family: Aptos; mso-ansi-language: PL; mso-fareast-language: PL; mso-bidi-language: AR-SA;\">Zapoznaj&nbsp;si\u0119 z <u>Polityk\u0105&nbsp;<\/u><\/span><a href=\"https:\/\/www.fpc.org.pl\/eng\/polityka-prywatnosc\/\" target=\"_blank\"><u>Prywatno\u015bci F<\/u><\/a><span style=\"font-size: 12.0pt; font-family: 'Aptos',sans-serif; mso-fareast-font-family: Aptos; mso-fareast-theme-font: minor-latin; mso-bidi-font-family: Aptos; mso-ansi-language: PL; mso-fareast-language: PL; mso-bidi-language: AR-SA;\"><u>undacji Powszechnego Czytania<\/u>.<\/span><\/p>\t\t\t\t\t\t\t\t<\/div>\n\t\t\t\t<\/div>\n\t\t\t\t\t<\/div>\n\t\t\t\t<\/div>\n\t\t\t\t<\/div>","protected":false},"excerpt":{"rendered":"<p>FORMULARZ ZG\u0141OSZENIOWY Laboratorium Odporno\u015bci BEZPIECZNE S\u0141OWA, MIEJSCA, WSP\u00d3LNOTY Zg\u0142oszenia przyjmujemy indywidualnie.&nbsp; W przypadku ch\u0119ci zg\u0142oszenia si\u0119 jako zesp\u00f3\u0142 prosimy o wype\u0142nienie formularza zg\u0142oszeniowego oraz wskazanie koordynatora zespo\u0142u, dzi\u0119ki kt\u00f3remu b\u0119dziemy mogli zidentyfikowa\u0107 zg\u0142oszenia jako jedn\u0105 grup\u0119. Zgodnie z regulaminem, kompletne zespo\u0142y maj\u0105 pierwsze\u0144stwo w procesie rekrutacji. O zakwalifikowaniu do projektu decyduje r\u00f3wnie\u017c kolejno\u015b\u0107 zg\u0142osze\u0144.&nbsp; Szczeg\u00f3\u0142owe&#8230;<\/p>","protected":false},"author":18,"featured_media":0,"parent":998321,"menu_order":0,"comment_status":"closed","ping_status":"closed","template":"","meta":{"_acf_changed":false,"give_campaign_id":0,"footnotes":""},"class_list":["post-997618","page","type-page","status-publish","hentry","odd"],"acf":[],"campaignId":"","_links":{"self":[{"href":"https:\/\/www.fpc.org.pl\/eng\/wp-json\/wp\/v2\/pages\/997618","targetHints":{"allow":["GET"]}}],"collection":[{"href":"https:\/\/www.fpc.org.pl\/eng\/wp-json\/wp\/v2\/pages"}],"about":[{"href":"https:\/\/www.fpc.org.pl\/eng\/wp-json\/wp\/v2\/types\/page"}],"author":[{"embeddable":true,"href":"https:\/\/www.fpc.org.pl\/eng\/wp-json\/wp\/v2\/users\/18"}],"replies":[{"embeddable":true,"href":"https:\/\/www.fpc.org.pl\/eng\/wp-json\/wp\/v2\/comments?post=997618"}],"version-history":[{"count":41,"href":"https:\/\/www.fpc.org.pl\/eng\/wp-json\/wp\/v2\/pages\/997618\/revisions"}],"predecessor-version":[{"id":999398,"href":"https:\/\/www.fpc.org.pl\/eng\/wp-json\/wp\/v2\/pages\/997618\/revisions\/999398"}],"up":[{"embeddable":true,"href":"https:\/\/www.fpc.org.pl\/eng\/wp-json\/wp\/v2\/pages\/998321"}],"wp:attachment":[{"href":"https:\/\/www.fpc.org.pl\/eng\/wp-json\/wp\/v2\/media?parent=997618"}],"curies":[{"name":"wp","href":"https:\/\/api.w.org\/{rel}","templated":true}]}}