{"id":997007,"date":"2026-02-18T12:56:03","date_gmt":"2026-02-18T11:56:03","guid":{"rendered":"https:\/\/www.fpc.org.pl\/?page_id=997007"},"modified":"2026-02-19T13:20:24","modified_gmt":"2026-02-19T12:20:24","slug":"czytam-wiec-mysle","status":"publish","type":"page","link":"https:\/\/www.fpc.org.pl\/eng\/nasze-projekty\/czytam-wiec-mysle\/","title":{"rendered":"Course: I read, therefore I think, I act, and I am a citizen"},"content":{"rendered":"<div data-elementor-type=\"wp-page\" data-elementor-id=\"997007\" class=\"elementor elementor-997007\" data-elementor-post-type=\"page\">\n\t\t\t\t<div class=\"elementor-element elementor-element-81579e6 e-flex e-con-boxed e-con e-parent\" data-id=\"81579e6\" data-element_type=\"container\" data-e-type=\"container\">\n\t\t\t\t\t<div class=\"e-con-inner\">\n\t\t<div class=\"elementor-element elementor-element-d9360ff e-con-full e-flex e-con e-child\" data-id=\"d9360ff\" data-element_type=\"container\" data-e-type=\"container\">\n\t\t\t\t<div class=\"elementor-element elementor-element-8aadb1e elementor-widget elementor-widget-heading\" data-id=\"8aadb1e\" data-element_type=\"widget\" data-e-type=\"widget\" data-widget_type=\"heading.default\">\n\t\t\t\t<div class=\"elementor-widget-container\">\n\t\t\t\t\t<h1 class=\"elementor-heading-title elementor-size-default\"><span style=\"font-size: 50px\">I Read, Therefore I Think, Act, and Am a Citizen! <\/span><\/h1>\t\t\t\t<\/div>\n\t\t\t\t<\/div>\n\t\t\t\t<div class=\"elementor-element elementor-element-cd8cdd7 elementor-widget elementor-widget-text-editor\" data-id=\"cd8cdd7\" data-element_type=\"widget\" data-e-type=\"widget\" data-widget_type=\"text-editor.default\">\n\t\t\t\t<div class=\"elementor-widget-container\">\n\t\t\t\t\t\t\t\t\t<p><strong>Bezp\u0142atny kurs online dla ka\u017cdego, kto chcia\u0142by wzmocni\u0107 odporno\u015b\u0107 na dezinformacj\u0119: swoj\u0105, bliskich oraz zespo\u0142u w instytucji, szkole, firmie.<\/strong><\/p>\t\t\t\t\t\t\t\t<\/div>\n\t\t\t\t<\/div>\n\t\t\t\t<\/div>\n\t\t\t\t\t<\/div>\n\t\t\t\t<\/div>\n\t\t<div class=\"elementor-element elementor-element-3538546 e-flex e-con-boxed e-con e-parent\" data-id=\"3538546\" data-element_type=\"container\" data-e-type=\"container\">\n\t\t\t\t\t<div class=\"e-con-inner\">\n\t\t\t\t<div class=\"elementor-element elementor-element-ee87954 elementor-widget elementor-widget-text-editor\" data-id=\"ee87954\" data-element_type=\"widget\" data-e-type=\"widget\" data-widget_type=\"text-editor.default\">\n\t\t\t\t<div class=\"elementor-widget-container\">\n\t\t\t\t\t\t\t\t\t<p>Kurs\u00a0<i><b>Czytam, wi\u0119c my\u015bl\u0119, dzia\u0142am i jestem obywatelem! &#8211; edukacja obywatelska poprzez czytanie i krytyczne my\u015blenie<\/b><\/i>\u00a0powsta\u0142, by pom\u00f3c nauczycielom, edukatorom, wychowawcom i nie tylko skuteczniej odpowiada\u0107 na wyzwania, przed jakimi stoi wsp\u00f3\u0142czesna szko\u0142a. Jego celem jest wzmocnienie kompetencji uczestnik\u00f3w w budowaniu odporno\u015bci na dezinformacj\u0119 oraz kszta\u0142towaniu krytycznego, samodzielnego my\u015blenia m\u0142odych ludzi. Ma wspiera\u0107 nauczycieli w tworzeniu \u015brodowiska, kt\u00f3re pomo\u017ce uczniom bezpiecznie i odpowiedzialnie porusza\u0107 si\u0119 w przestrzeni informacyjnej \u2014 od pierwszych zabaw j\u0119zykowych po dojrza\u0142e, obywatelskie decyzje.<\/p>\t\t\t\t\t\t\t\t<\/div>\n\t\t\t\t<\/div>\n\t\t\t\t\t<\/div>\n\t\t\t\t<\/div>\n\t\t<div class=\"elementor-element elementor-element-56c45d3 e-flex e-con-boxed e-con e-parent\" data-id=\"56c45d3\" data-element_type=\"container\" data-e-type=\"container\">\n\t\t\t\t\t<div class=\"e-con-inner\">\n\t\t\t\t<div class=\"elementor-element elementor-element-c3fddb9 elementor-align-center elementor-widget elementor-widget-button\" data-id=\"c3fddb9\" data-element_type=\"widget\" data-e-type=\"widget\" data-widget_type=\"button.default\">\n\t\t\t\t<div class=\"elementor-widget-container\">\n\t\t\t\t\t\t\t\t\t<div class=\"elementor-button-wrapper\">\n\t\t\t\t\t<a class=\"elementor-button elementor-button-link elementor-size-sm\" href=\"https:\/\/navoica.pl\/courses\/course-v1:fpc+czytam-wiec-mysle-dzialam-i-jestem-obywatelem+edycja-1\/about\" target=\"_blank\" rel=\"noopener\">\n\t\t\t\t\t\t<span class=\"elementor-button-content-wrapper\">\n\t\t\t\t\t\t\t\t\t<span class=\"elementor-button-text\">Zapisz si\u0119 na kurs<\/span>\n\t\t\t\t\t<\/span>\n\t\t\t\t\t<\/a>\n\t\t\t\t<\/div>\n\t\t\t\t\t\t\t\t<\/div>\n\t\t\t\t<\/div>\n\t\t\t\t<div class=\"elementor-element elementor-element-7bf9f09 elementor-widget elementor-widget-spacer\" data-id=\"7bf9f09\" data-element_type=\"widget\" data-e-type=\"widget\" data-widget_type=\"spacer.default\">\n\t\t\t\t<div class=\"elementor-widget-container\">\n\t\t\t\t\t\t\t<div class=\"elementor-spacer\">\n\t\t\t<div class=\"elementor-spacer-inner\"><\/div>\n\t\t<\/div>\n\t\t\t\t\t\t<\/div>\n\t\t\t\t<\/div>\n\t\t\t\t\t<\/div>\n\t\t\t\t<\/div>\n\t\t<div class=\"elementor-element elementor-element-5a65574 e-flex e-con-boxed e-con e-parent\" data-id=\"5a65574\" data-element_type=\"container\" data-e-type=\"container\">\n\t\t\t\t\t<div class=\"e-con-inner\">\n\t\t\t\t<div class=\"elementor-element elementor-element-5eeb3c5 elementor-widget elementor-widget-heading\" data-id=\"5eeb3c5\" data-element_type=\"widget\" data-e-type=\"widget\" data-widget_type=\"heading.default\">\n\t\t\t\t<div class=\"elementor-widget-container\">\n\t\t\t\t\t<h2 class=\"elementor-heading-title elementor-size-default\">Dlaczego warto wzi\u0105\u0107 udzia\u0142?<\/h2>\t\t\t\t<\/div>\n\t\t\t\t<\/div>\n\t\t\t\t\t<\/div>\n\t\t\t\t<\/div>\n\t\t<div class=\"elementor-element elementor-element-20b2529 e-flex e-con-boxed e-con e-parent\" data-id=\"20b2529\" data-element_type=\"container\" data-e-type=\"container\">\n\t\t\t\t\t<div class=\"e-con-inner\">\n\t\t<div class=\"elementor-element elementor-element-123b303 e-con-full e-flex e-con e-child\" data-id=\"123b303\" data-element_type=\"container\" data-e-type=\"container\">\n\t\t\t\t<div class=\"elementor-element elementor-element-4177fc2 elementor-widget elementor-widget-text-editor\" data-id=\"4177fc2\" data-element_type=\"widget\" data-e-type=\"widget\" data-widget_type=\"text-editor.default\">\n\t\t\t\t<div class=\"elementor-widget-container\">\n\t\t\t\t\t\t\t\t\t<p><strong>Bior\u0105c udzia\u0142 w kursie poznasz m.in.:<\/strong><\/p><ul><li><strong>mechanizmy<\/strong> manipulacji, j\u0119zykowe strategie dezinformacji oraz narz\u0119dzia wzmacniaj\u0105ce krytyczny odbi\u00f3r tre\u015bci \u2014 baz\u0119 niezb\u0119dn\u0105 do \u015bwiadomego korzystania z medi\u00f3w.\u00a0<\/li><li><b>praktyczne metody pracy<\/b>, kt\u00f3re rozwijaj\u0105 krytyczne my\u015blenie i sprawczo\u015b\u0107 obywatelsk\u0105 uczni\u00f3w.<\/li><li><b>gotowe do u\u017cycia techniki dydaktyczne<\/b> \u2014 od czytania krytycznego, przez debaty, po prac\u0119 z tekstem i narz\u0119dziami cyfrowymi \u2014 mo\u017cliwe do wykorzystania na ka\u017cdym przedmiocie: od biologii i fizyki, przez wychowanie fizyczne, po j\u0119zyk polski.\u00a0<\/li><li><b>sposoby anga\u017cowania<\/b> rodzic\u00f3w i wspierania uczni\u00f3w ze specjalnymi potrzebami czytelniczymi.<\/li><\/ul><p>Dowiesz si\u0119 te\u017c, jak tworzy\u0107 \u015brodowisko wspieraj\u0105ce krytyczne my\u015blenie i odporno\u015b\u0107 na fake newsy, jak budowa\u0107 kultur\u0119 dialogu i czytania, jak w\u0142\u0105cza\u0107 rodzic\u00f3w i lokalne instytucje oraz jak projektowa\u0107 dzia\u0142ania, kt\u00f3re wzmacniaj\u0105 kompetencje obywatelskie uczni\u00f3w \u2013 od przedszkola po szko\u0142\u0119 ponadpodstawow\u0105.<\/p>\t\t\t\t\t\t\t\t<\/div>\n\t\t\t\t<\/div>\n\t\t\t\t<\/div>\n\t\t<div class=\"elementor-element elementor-element-69a6eb0 e-con-full e-flex e-con e-child\" data-id=\"69a6eb0\" data-element_type=\"container\" data-e-type=\"container\">\n\t\t\t\t<div class=\"elementor-element elementor-element-33ffc9e elementor-widget elementor-widget-image\" data-id=\"33ffc9e\" data-element_type=\"widget\" data-e-type=\"widget\" data-widget_type=\"image.default\">\n\t\t\t\t<div class=\"elementor-widget-container\">\n\t\t\t\t\t\t\t\t\t<div class=\"elementor-image\">\n\t\t\t\t\t\t\t\t\t\t\t\t\t\t\t\t\t\t\t\t\t\t<a href=\"https:\/\/navoica.pl\/courses\/course-v1:fpc+czytam-wiec-mysle-dzialam-i-jestem-obywatelem+edycja-1\/about\" target=\"_blank\" rel=\"noopener\">\n\t\t\t\t\t\t\t\t\t\t\t<img fetchpriority=\"high\" decoding=\"async\" width=\"463\" height=\"492\" src=\"https:\/\/www.fpc.org.pl\/wp-content\/uploads\/2026\/02\/Kurs-Czytam.jpg\" class=\"attachment-large size-large wp-image-997010\" alt=\"\" srcset=\"https:\/\/www.fpc.org.pl\/wp-content\/uploads\/2026\/02\/Kurs-Czytam.jpg 463w, https:\/\/www.fpc.org.pl\/wp-content\/uploads\/2026\/02\/Kurs-Czytam-282x300.jpg 282w, https:\/\/www.fpc.org.pl\/wp-content\/uploads\/2026\/02\/Kurs-Czytam-11x12.jpg 11w\" sizes=\"(max-width: 463px) 100vw, 463px\" \/>\t\t\t\t\t\t\t\t\t\t\t\t<\/a>\n\t\t\t\t\t\t\t\t\t\t\t\t\t\t\t\t\t\t\t\t\t\t\t\t<\/div>\n\t\t\t\t\t\t\t\t<\/div>\n\t\t\t\t<\/div>\n\t\t\t\t<div class=\"elementor-element elementor-element-36ca263 elementor-align-center elementor-widget elementor-widget-button\" data-id=\"36ca263\" data-element_type=\"widget\" data-e-type=\"widget\" data-widget_type=\"button.default\">\n\t\t\t\t<div class=\"elementor-widget-container\">\n\t\t\t\t\t\t\t\t\t<div class=\"elementor-button-wrapper\">\n\t\t\t\t\t<a class=\"elementor-button elementor-button-link elementor-size-sm\" href=\"https:\/\/navoica.pl\/courses\/course-v1:fpc+czytam-wiec-mysle-dzialam-i-jestem-obywatelem+edycja-1\/about\" target=\"_blank\" rel=\"noopener\">\n\t\t\t\t\t\t<span class=\"elementor-button-content-wrapper\">\n\t\t\t\t\t\t\t\t\t<span class=\"elementor-button-text\">Przejd\u017a na platform\u0119 kursu<\/span>\n\t\t\t\t\t<\/span>\n\t\t\t\t\t<\/a>\n\t\t\t\t<\/div>\n\t\t\t\t\t\t\t\t<\/div>\n\t\t\t\t<\/div>\n\t\t\t\t<\/div>\n\t\t\t\t\t<\/div>\n\t\t\t\t<\/div>\n\t\t<div class=\"elementor-element elementor-element-32411a0 e-flex e-con-boxed e-con e-parent\" data-id=\"32411a0\" data-element_type=\"container\" data-e-type=\"container\">\n\t\t\t\t\t<div class=\"e-con-inner\">\n\t\t\t\t<div class=\"elementor-element elementor-element-5ac34b2 elementor-widget elementor-widget-spacer\" data-id=\"5ac34b2\" data-element_type=\"widget\" data-e-type=\"widget\" data-widget_type=\"spacer.default\">\n\t\t\t\t<div class=\"elementor-widget-container\">\n\t\t\t\t\t\t\t<div class=\"elementor-spacer\">\n\t\t\t<div class=\"elementor-spacer-inner\"><\/div>\n\t\t<\/div>\n\t\t\t\t\t\t<\/div>\n\t\t\t\t<\/div>\n\t\t\t\t<div class=\"elementor-element elementor-element-313203c elementor-widget elementor-widget-heading\" data-id=\"313203c\" data-element_type=\"widget\" data-e-type=\"widget\" data-widget_type=\"heading.default\">\n\t\t\t\t<div class=\"elementor-widget-container\">\n\t\t\t\t\t<h2 class=\"elementor-heading-title elementor-size-default\">Dla kogo przeznaczony jest kurs?<\/h2>\t\t\t\t<\/div>\n\t\t\t\t<\/div>\n\t\t\t\t\t<\/div>\n\t\t\t\t<\/div>\n\t\t<div class=\"elementor-element elementor-element-cb320a6 e-flex e-con-boxed e-con e-parent\" data-id=\"cb320a6\" data-element_type=\"container\" data-e-type=\"container\">\n\t\t\t\t\t<div class=\"e-con-inner\">\n\t\t\t\t<div class=\"elementor-element elementor-element-a839e1d elementor-widget elementor-widget-text-editor\" data-id=\"a839e1d\" data-element_type=\"widget\" data-e-type=\"widget\" data-widget_type=\"text-editor.default\">\n\t\t\t\t<div class=\"elementor-widget-container\">\n\t\t\t\t\t\t\t\t\t<p>Kurs\u00a0<b><i>I Read, Therefore I Think, Act, and Am a Citizen!<\/i><\/b> jest skierowany do nauczycieli, edukator\u00f3w, wychowawc\u00f3w, student\u00f3w, rodzic\u00f3w oraz wszystkich os\u00f3b, kt\u00f3re chc\u0105 wzmocni\u0107 kompetencje krytycznego my\u015blenia oraz lepiej porusza\u0107 si\u0119 w g\u0105szczu informacji i fake news\u00f3w.<\/p>\t\t\t\t\t\t\t\t<\/div>\n\t\t\t\t<\/div>\n\t\t\t\t\t<\/div>\n\t\t\t\t<\/div>\n\t\t<div class=\"elementor-element elementor-element-73b4d4e e-flex e-con-boxed e-con e-parent\" data-id=\"73b4d4e\" data-element_type=\"container\" data-e-type=\"container\">\n\t\t\t\t\t<div class=\"e-con-inner\">\n\t\t\t\t<div class=\"elementor-element elementor-element-294fcc0 elementor-widget elementor-widget-heading\" data-id=\"294fcc0\" data-element_type=\"widget\" data-e-type=\"widget\" data-widget_type=\"heading.default\">\n\t\t\t\t<div class=\"elementor-widget-container\">\n\t\t\t\t\t<h2 class=\"elementor-heading-title elementor-size-default\">W jakiej formie si\u0119 odbywa?<\/h2>\t\t\t\t<\/div>\n\t\t\t\t<\/div>\n\t\t\t\t\t<\/div>\n\t\t\t\t<\/div>\n\t\t<div class=\"elementor-element elementor-element-87a9594 e-flex e-con-boxed e-con e-parent\" data-id=\"87a9594\" data-element_type=\"container\" data-e-type=\"container\">\n\t\t\t\t\t<div class=\"e-con-inner\">\n\t\t\t\t<div class=\"elementor-element elementor-element-1450ecb elementor-widget elementor-widget-text-editor\" data-id=\"1450ecb\" data-element_type=\"widget\" data-e-type=\"widget\" data-widget_type=\"text-editor.default\">\n\t\t\t\t<div class=\"elementor-widget-container\">\n\t\t\t\t\t\t\t\t\t<p>Kurs prowadzony na platformie edukacyjnej\u00a0<a href=\"https:\/\/navoica.pl\/courses\/course-v1:fpc+czytam-wiec-mysle-dzialam-i-jestem-obywatelem+edycja-1\/about\" target=\"_blank\" rel=\"noopener\"><b>Navoica.pl<\/b><\/a>\u00a0w formie minilekcji wideo i modu\u0142\u00f3w do samodzielnej nauki online.<\/p>\t\t\t\t\t\t\t\t<\/div>\n\t\t\t\t<\/div>\n\t\t\t\t\t<\/div>\n\t\t\t\t<\/div>\n\t\t<div class=\"elementor-element elementor-element-bfd5c78 e-flex e-con-boxed e-con e-parent\" data-id=\"bfd5c78\" data-element_type=\"container\" data-e-type=\"container\">\n\t\t\t\t\t<div class=\"e-con-inner\">\n\t\t\t\t<div class=\"elementor-element elementor-element-940e39f elementor-widget elementor-widget-heading\" data-id=\"940e39f\" data-element_type=\"widget\" data-e-type=\"widget\" data-widget_type=\"heading.default\">\n\t\t\t\t<div class=\"elementor-widget-container\">\n\t\t\t\t\t<h2 class=\"elementor-heading-title elementor-size-default\">Do kiedy trwa?<\/h2>\t\t\t\t<\/div>\n\t\t\t\t<\/div>\n\t\t\t\t\t<\/div>\n\t\t\t\t<\/div>\n\t\t<div class=\"elementor-element elementor-element-d2d0927 e-flex e-con-boxed e-con e-parent\" data-id=\"d2d0927\" data-element_type=\"container\" data-e-type=\"container\">\n\t\t\t\t\t<div class=\"e-con-inner\">\n\t\t\t\t<div class=\"elementor-element elementor-element-7ce3d04 elementor-widget elementor-widget-text-editor\" data-id=\"7ce3d04\" data-element_type=\"widget\" data-e-type=\"widget\" data-widget_type=\"text-editor.default\">\n\t\t\t\t<div class=\"elementor-widget-container\">\n\t\t\t\t\t\t\t\t\t<p>Termin zako\u0144czenia kursu: <b>9 czerwca 2026<\/b><\/p>\t\t\t\t\t\t\t\t<\/div>\n\t\t\t\t<\/div>\n\t\t\t\t\t<\/div>\n\t\t\t\t<\/div>\n\t\t<div class=\"elementor-element elementor-element-d05c25a e-flex e-con-boxed e-con e-parent\" data-id=\"d05c25a\" data-element_type=\"container\" data-e-type=\"container\">\n\t\t\t\t\t<div class=\"e-con-inner\">\n\t\t\t\t<div class=\"elementor-element elementor-element-30f6dd1 elementor-widget elementor-widget-spacer\" data-id=\"30f6dd1\" data-element_type=\"widget\" data-e-type=\"widget\" data-widget_type=\"spacer.default\">\n\t\t\t\t<div class=\"elementor-widget-container\">\n\t\t\t\t\t\t\t<div class=\"elementor-spacer\">\n\t\t\t<div class=\"elementor-spacer-inner\"><\/div>\n\t\t<\/div>\n\t\t\t\t\t\t<\/div>\n\t\t\t\t<\/div>\n\t\t\t\t<div class=\"elementor-element elementor-element-96f3bac elementor-widget elementor-widget-video\" data-id=\"96f3bac\" data-element_type=\"widget\" data-e-type=\"widget\" data-settings=\"{&quot;youtube_url&quot;:&quot;https:\\\/\\\/www.youtube.com\\\/watch?v=SifcLHZ4fJs&amp;t&quot;,&quot;video_type&quot;:&quot;youtube&quot;,&quot;controls&quot;:&quot;yes&quot;}\" data-widget_type=\"video.default\">\n\t\t\t\t<div class=\"elementor-widget-container\">\n\t\t\t\t\t\t\t<div class=\"elementor-wrapper elementor-open-inline\">\n\t\t\t<div class=\"elementor-video\"><\/div>\t\t<\/div>\n\t\t\t\t\t\t<\/div>\n\t\t\t\t<\/div>\n\t\t\t\t\t<\/div>\n\t\t\t\t<\/div>\n\t\t<div class=\"elementor-element elementor-element-0f9b21c e-flex e-con-boxed e-con e-parent\" data-id=\"0f9b21c\" data-element_type=\"container\" data-e-type=\"container\">\n\t\t\t\t\t<div class=\"e-con-inner\">\n\t\t\t\t<div class=\"elementor-element elementor-element-876dd13 elementor-widget elementor-widget-heading\" data-id=\"876dd13\" data-element_type=\"widget\" data-e-type=\"widget\" data-widget_type=\"heading.default\">\n\t\t\t\t<div class=\"elementor-widget-container\">\n\t\t\t\t\t<h2 class=\"elementor-heading-title elementor-size-default\">Zapraszamy!<\/h2>\t\t\t\t<\/div>\n\t\t\t\t<\/div>\n\t\t\t\t<div class=\"elementor-element elementor-element-fbf58af elementor-widget elementor-widget-text-editor\" data-id=\"fbf58af\" data-element_type=\"widget\" data-e-type=\"widget\" data-widget_type=\"text-editor.default\">\n\t\t\t\t<div class=\"elementor-widget-container\">\n\t\t\t\t\t\t\t\t\t<p>Projekt powsta\u0142 dzi\u0119ki wsparciu Ministerstwa Edukacji Narodowej w ramach programu \u201eM\u0142odzi Obywatele\u201d oraz we wsp\u00f3\u0142pracy z kluczowymi instytucjami edukacyjnymi w Polsce. Partnerami merytorycznymi programu s\u0105: Biblioteka Narodowa, Instytut Bada\u0144 Edukacyjnych, wydawnictwo Nowa Era, dystrybutor Platon oraz miesi\u0119cznik \u201eDyrektor Szko\u0142y\u201d.<\/p>\t\t\t\t\t\t\t\t<\/div>\n\t\t\t\t<\/div>\n\t\t\t\t\t<\/div>\n\t\t\t\t<\/div>\n\t\t\t\t<\/div>","protected":false},"excerpt":{"rendered":"<p>Czytam, wi\u0119c my\u015bl\u0119, dzia\u0142am i jestem obywatelem! Bezp\u0142atny kurs online dla ka\u017cdego, kto chcia\u0142by wzmocni\u0107 odporno\u015b\u0107 na dezinformacj\u0119: swoj\u0105, bliskich oraz zespo\u0142u w instytucji, szkole, firmie. Kurs\u00a0Czytam, wi\u0119c my\u015bl\u0119, dzia\u0142am i jestem obywatelem! &#8211; edukacja obywatelska poprzez czytanie i krytyczne my\u015blenie\u00a0powsta\u0142, by pom\u00f3c nauczycielom, edukatorom, wychowawcom i nie tylko skuteczniej odpowiada\u0107 na wyzwania, przed jakimi&#8230;<\/p>","protected":false},"author":18,"featured_media":0,"parent":37617,"menu_order":0,"comment_status":"closed","ping_status":"closed","template":"","meta":{"_acf_changed":false,"give_campaign_id":0,"footnotes":""},"class_list":["post-997007","page","type-page","status-publish","hentry","odd"],"acf":[],"campaignId":"","_links":{"self":[{"href":"https:\/\/www.fpc.org.pl\/eng\/wp-json\/wp\/v2\/pages\/997007","targetHints":{"allow":["GET"]}}],"collection":[{"href":"https:\/\/www.fpc.org.pl\/eng\/wp-json\/wp\/v2\/pages"}],"about":[{"href":"https:\/\/www.fpc.org.pl\/eng\/wp-json\/wp\/v2\/types\/page"}],"author":[{"embeddable":true,"href":"https:\/\/www.fpc.org.pl\/eng\/wp-json\/wp\/v2\/users\/18"}],"replies":[{"embeddable":true,"href":"https:\/\/www.fpc.org.pl\/eng\/wp-json\/wp\/v2\/comments?post=997007"}],"version-history":[{"count":25,"href":"https:\/\/www.fpc.org.pl\/eng\/wp-json\/wp\/v2\/pages\/997007\/revisions"}],"predecessor-version":[{"id":997035,"href":"https:\/\/www.fpc.org.pl\/eng\/wp-json\/wp\/v2\/pages\/997007\/revisions\/997035"}],"up":[{"embeddable":true,"href":"https:\/\/www.fpc.org.pl\/eng\/wp-json\/wp\/v2\/pages\/37617"}],"wp:attachment":[{"href":"https:\/\/www.fpc.org.pl\/eng\/wp-json\/wp\/v2\/media?parent=997007"}],"curies":[{"name":"wp","href":"https:\/\/api.w.org\/{rel}","templated":true}]}}