{"id":996883,"date":"2026-02-11T07:28:09","date_gmt":"2026-02-11T06:28:09","guid":{"rendered":"https:\/\/www.fpc.org.pl\/?page_id=996883"},"modified":"2026-04-13T09:08:13","modified_gmt":"2026-04-13T07:08:13","slug":"czytanie-rzadzi-formularz-czwartek","status":"publish","type":"page","link":"https:\/\/www.fpc.org.pl\/eng\/nasze-projekty\/spotkania\/czytanie-rzadzi-formularz-czwartek\/","title":{"rendered":"Czytanie Rz\u0105dzi &#8211; formularz czwartek"},"content":{"rendered":"<div data-elementor-type=\"wp-page\" data-elementor-id=\"996883\" class=\"elementor elementor-996883\" data-elementor-post-type=\"page\">\n\t\t\t\t<div class=\"elementor-element elementor-element-4ce8825 e-flex e-con-boxed e-con e-parent\" data-id=\"4ce8825\" data-element_type=\"container\" data-e-type=\"container\">\n\t\t\t\t\t<div class=\"e-con-inner\">\n\t\t\t\t<div class=\"elementor-element elementor-element-55d6198 elementor-widget elementor-widget-heading\" data-id=\"55d6198\" data-element_type=\"widget\" data-e-type=\"widget\" data-widget_type=\"heading.default\">\n\t\t\t\t<div class=\"elementor-widget-container\">\n\t\t\t\t\t<h2 class=\"elementor-heading-title elementor-size-default\">Reading Rules<\/h2>\t\t\t\t<\/div>\n\t\t\t\t<\/div>\n\t\t\t\t\t<\/div>\n\t\t\t\t<\/div>\n\t\t<div class=\"elementor-element elementor-element-b631b21 e-flex e-con-boxed e-con e-parent\" data-id=\"b631b21\" data-element_type=\"container\" data-e-type=\"container\">\n\t\t\t\t\t<div class=\"e-con-inner\">\n\t\t\t\t<div class=\"elementor-element elementor-element-fbdbcfb elementor-widget elementor-widget-heading\" data-id=\"fbdbcfb\" data-element_type=\"widget\" data-e-type=\"widget\" data-widget_type=\"heading.default\">\n\t\t\t\t<div class=\"elementor-widget-container\">\n\t\t\t\t\t<h5 class=\"elementor-heading-title elementor-size-default\">Spotkanie z Katarzyn\u0105 Rygiel wok\u00f3\u0142 trylogii \u201eStra\u017cnik Klejnotu\u201d <br>CZWARTEK, 23 kwietnia 2026 w godz. 16.00\u201318.00<\/h5>\t\t\t\t<\/div>\n\t\t\t\t<\/div>\n\t\t\t\t<div class=\"elementor-element elementor-element-e3b5224 elementor-widget elementor-widget-shortcode\" data-id=\"e3b5224\" data-element_type=\"widget\" data-e-type=\"widget\" data-widget_type=\"shortcode.default\">\n\t\t\t\t<div class=\"elementor-widget-container\">\n\t\t\t\t\t\t\t<div class=\"elementor-shortcode\"><div class=\"ml-embedded\" data-form=\"5M9xqP\"><\/div><\/div>\n\t\t\t\t\t\t<\/div>\n\t\t\t\t<\/div>\n\t\t\t\t\t<\/div>\n\t\t\t\t<\/div>\n\t\t\t\t<\/div>","protected":false},"excerpt":{"rendered":"<p>Czytanie Rz\u0105dzi Spotkanie z Katarzyn\u0105 Rygiel wok\u00f3\u0142 trylogii \u201eStra\u017cnik Klejnotu\u201d CZWARTEK, 23 kwietnia 2026 w godz. 16.00\u201318.00<\/p>","protected":false},"author":17,"featured_media":0,"parent":992040,"menu_order":0,"comment_status":"closed","ping_status":"closed","template":"","meta":{"_acf_changed":false,"give_campaign_id":0,"footnotes":""},"class_list":["post-996883","page","type-page","status-publish","hentry","odd"],"acf":[],"campaignId":"","_links":{"self":[{"href":"https:\/\/www.fpc.org.pl\/eng\/wp-json\/wp\/v2\/pages\/996883","targetHints":{"allow":["GET"]}}],"collection":[{"href":"https:\/\/www.fpc.org.pl\/eng\/wp-json\/wp\/v2\/pages"}],"about":[{"href":"https:\/\/www.fpc.org.pl\/eng\/wp-json\/wp\/v2\/types\/page"}],"author":[{"embeddable":true,"href":"https:\/\/www.fpc.org.pl\/eng\/wp-json\/wp\/v2\/users\/17"}],"replies":[{"embeddable":true,"href":"https:\/\/www.fpc.org.pl\/eng\/wp-json\/wp\/v2\/comments?post=996883"}],"version-history":[{"count":16,"href":"https:\/\/www.fpc.org.pl\/eng\/wp-json\/wp\/v2\/pages\/996883\/revisions"}],"predecessor-version":[{"id":998691,"href":"https:\/\/www.fpc.org.pl\/eng\/wp-json\/wp\/v2\/pages\/996883\/revisions\/998691"}],"up":[{"embeddable":true,"href":"https:\/\/www.fpc.org.pl\/eng\/wp-json\/wp\/v2\/pages\/992040"}],"wp:attachment":[{"href":"https:\/\/www.fpc.org.pl\/eng\/wp-json\/wp\/v2\/media?parent=996883"}],"curies":[{"name":"wp","href":"https:\/\/api.w.org\/{rel}","templated":true}]}}