{"id":996040,"date":"2025-11-26T09:32:56","date_gmt":"2025-11-26T08:32:56","guid":{"rendered":"https:\/\/www.fpc.org.pl\/?page_id=996040"},"modified":"2025-12-08T00:55:45","modified_gmt":"2025-12-07T23:55:45","slug":"regulamin-serwisu","status":"publish","type":"page","link":"https:\/\/www.fpc.org.pl\/eng\/regulamin-serwisu\/","title":{"rendered":"Regulamin serwisu"},"content":{"rendered":"<div data-elementor-type=\"wp-page\" data-elementor-id=\"996040\" class=\"elementor elementor-996040\" data-elementor-post-type=\"page\">\n\t\t\t\t\t\t<section class=\"elementor-section elementor-top-section elementor-element elementor-element-39399e7 elementor-section-boxed elementor-section-height-default elementor-section-height-default\" data-id=\"39399e7\" data-element_type=\"section\" data-e-type=\"section\">\n\t\t\t\t\t\t<div class=\"elementor-container elementor-column-gap-no\">\n\t\t\t\t\t<div class=\"elementor-column elementor-col-100 elementor-top-column elementor-element elementor-element-607d9b2\" data-id=\"607d9b2\" data-element_type=\"column\" data-e-type=\"column\">\n\t\t\t<div class=\"elementor-widget-wrap elementor-element-populated\">\n\t\t\t\t\t\t<div class=\"elementor-element elementor-element-2bdce6e elementor-widget elementor-widget-heading\" data-id=\"2bdce6e\" data-element_type=\"widget\" data-e-type=\"widget\" data-widget_type=\"heading.default\">\n\t\t\t\t<div class=\"elementor-widget-container\">\n\t\t\t\t\t<h2 class=\"elementor-heading-title elementor-size-default\">Regulamin serwisu<\/h2>\t\t\t\t<\/div>\n\t\t\t\t<\/div>\n\t\t\t\t<div class=\"elementor-element elementor-element-bb0c1cf elementor-widget elementor-widget-heading\" data-id=\"bb0c1cf\" data-element_type=\"widget\" data-e-type=\"widget\" data-widget_type=\"heading.default\">\n\t\t\t\t<div class=\"elementor-widget-container\">\n\t\t\t\t\t<h4 class=\"elementor-heading-title elementor-size-default\">Regulamin SERWISU INTERNETOWEGO FUNDACJI POWSZECHNEGO CZYTANIA\nDOST\u0118PNEGO POD ADRESEM WWW.FPC.ORG.PL<\/h4>\t\t\t\t<\/div>\n\t\t\t\t<\/div>\n\t\t\t\t<div class=\"elementor-element elementor-element-4dd42f1 elementor-widget elementor-widget-text-editor\" data-id=\"4dd42f1\" data-element_type=\"widget\" data-e-type=\"widget\" data-widget_type=\"text-editor.default\">\n\t\t\t\t<div class=\"elementor-widget-container\">\n\t\t\t\t\t\t\t\t\t<p><strong>I. Postanowienia wst\u0119pne<\/strong><\/p><ol><li>Niniejszy regulamin (dalej: \u201eRegulamin\u201d) okre\u015bla zasady \u015bwiadczenia us\u0142ug drog\u0105 elektroniczn\u0105, polegaj\u0105cych na umo\u017cliwieniu U\u017cytkownikom dost\u0119pu do strony internetowej Fundacji Powszechnego Czytania (dalej: \u201eFundacja\u201d), dzia\u0142aj\u0105cej pod adresem https:\/\/www.fpc.org.pl, a tak\u017ce korzystania z jej funkcjonalno\u015bci, w tym z narz\u0119dzi s\u0142u\u017c\u0105cych do przekazywania darowizn na realizacj\u0119 cel\u00f3w statutowych Fundacji (dalej \u0142\u0105cznie: \u201eSerwis\u201d).<\/li><li>Fundacja jako podmiot dostarczaj\u0105cy Serwis, prowadzi dzia\u0142alno\u015b\u0107 w Warszawie (ul. Przyokopowa 33, 01-208 Warszawa) oraz pos\u0142uguje si\u0119 numerami: NIP: 7010891702, REGON: 381776001, KRS: 0000756841.<\/li><li>Z Serwisu mog\u0105 korzysta\u0107 osoby posiadaj\u0105ce pe\u0142n\u0105 zdolno\u015b\u0107 do czynno\u015bci prawnych, w tym osoby fizyczne, osoby prawne oraz jednostki organizacyjne bez osobowo\u015bci prawnej. Osoby o ograniczonej zdolno\u015bci do czynno\u015bci prawnych mog\u0105 korzysta\u0107 z Serwisu zgodnie z obowi\u0105zuj\u0105cymi przepisami prawa, w tym po uzyskaniu zgody przedstawiciela ustawowego. Wszystkie te podmioty okre\u015blane s\u0105 dalej jako \u201eU\u017cytkownicy\u201d.<\/li><li>Fundacja \u015bwiadczy us\u0142ugi Serwisu zgodnie z Regulaminem. U\u017cytkownik zobowi\u0105zuje si\u0119 zapozna\u0107 z tre\u015bci\u0105 Regulaminu i stosowa\u0107 si\u0119 do jego postanowie\u0144.<\/li><li>Przyst\u0119puj\u0105c do korzystania z Serwisu, U\u017cytkownik zobowi\u0105zuje si\u0119 do przestrzegania Regulaminu od chwili nawi\u0105zania po\u0142\u0105czenia z Serwisem do czasu zako\u0144czenia po\u0142\u0105czenia. W przypadku, gdy U\u017cytkownik dokonuje za <br \/>po\u015brednictwem Serwisu wp\u0142at darowizn, zwi\u0105zanie Regulaminem obejmuje okres, w kt\u00f3rym U\u017cytkownik i Fundacja realizuj\u0105 dzia\u0142ania dotycz\u0105ce wp\u0142aty darowizny.<\/li><li>W ramach Serwisu U\u017cytkownik mo\u017ce przegl\u0105da\u0107 zamieszczone w nim tre\u015bci, uzyska\u0107 dost\u0119p do narz\u0119dzi pozwalaj\u0105cych przekazywa\u0107 Fundacji darowizny pieni\u0119\u017cne, a tak\u017ce korzysta\u0107 z innych udost\u0119pnionych w Serwisie funkcjonalno\u015bci.<\/li><li>Aktualny Regulamin jest nieodp\u0142atnie dost\u0119pny w stopce Serwisu. Fundacja udost\u0119pnia Regulamin w formie umo\u017cliwiaj\u0105cej jego pobranie, utrwalenie oraz odtworzenie w systemie teleinformatycznym, kt\u00f3rym pos\u0142uguje si\u0119 U\u017cytkownik.<\/li><\/ol><p><strong>II. Wymogi techniczne i organizacyjne dotycz\u0105ce korzystania z Serwisu<\/strong><\/p><ol><li>Fundacja informuje, \u017ce minimalne wymagania techniczne umo\u017cliwiaj\u0105ce korzystanie z Serwisu po stronie U\u017cytkownika obejmuj\u0105: <br \/>a) urz\u0105dzenie z dost\u0119pem do Internetu (np. komputer, telefon, tablet), <br \/>b) przegl\u0105dark\u0119 internetow\u0105 obs\u0142uguj\u0105c\u0105 HTML oraz JavaScript,<br \/>c) aktywn\u0105 obs\u0142ug\u0119 plik\u00f3w cookies oraz JavaScript.<\/li><li>Korzystanie z Serwisu mo\u017ce wi\u0105za\u0107 si\u0119 z typowym ryzykiem zwi\u0105zanym z korzystaniem z Internetu, takim jak wirusy lub nieuprawniona ingerencja os\u00f3b trzecich. Fundacja zaleca stosowanie odpowiednich zabezpiecze\u0144, w tym <br \/>oprogramowania antywirusowego.<\/li><li>Fundacja zapewnia U\u017cytkownikom dost\u0119p do aktualnych informacji dotycz\u0105cych szczeg\u00f3lnych zagro\u017ce\u0144 zwi\u0105zanych z us\u0142ugami elektronicznymi oraz informacji o funkcjach i celach oprogramowania niewchodz\u0105cego w sk\u0142ad us\u0142ug Serwisu, a wprowadzanego przez Fundacj\u0119 do systemu teleinformatycznego U\u017cytkownika. <br \/>Informacje te b\u0119d\u0105 publikowane w Serwisie.<\/li><li>Zabronione jest umieszczanie przez U\u017cytkownika w Serwisie tre\u015bci niezgodnych z prawem. W przypadku otrzymania wiarygodnego zawiadomienia o bezprawnym charakterze danych dostarczonych przez U\u017cytkownika do Serwisu, Fundacja uprawniona jest do ich zablokowania.<\/li><li>Osoby fizyczne mog\u0105 korzysta\u0107 z Serwisu bez konieczno\u015bci podawania danych osobowych, o ile charakter czynno\u015bci wykonywanych w Serwisie nie wymaga ich podania. Szczeg\u00f3\u0142owe informacje o przetwarzaniu danych osobowych znajduj\u0105 si\u0119 w cz\u0119\u015bci IV Regulaminu oraz w Informacji o przetwarzaniu danych osobowych.<\/li><li>Fundacja umo\u017cliwia przekazanie darowizny na cele statutowe Fundacji, zapewniaj\u0105c dost\u0119p do internetowych narz\u0119dzi wp\u0142at, obs\u0142ugiwanych przez podmioty trzecie oraz udost\u0119pnia informacje niezb\u0119dne do zlecenia przelewu <br \/>darowizny na rzecz Fundacji.<\/li><\/ol><p><strong>III. Zasady przekazywania darowizn<\/strong><\/p><ol><li>Darowizny na cele statutowe Fundacji mo\u017cna przekazywa\u0107:<br \/>a) poprzez tradycyjny przelew bankowy, w tym w walutach innych ni\u017c polski z\u0142oty, korzystaj\u0105c z danych do przelewu udost\u0119pnianych w Serwisie;<br \/>b) korzystaj\u0105c z internetowych narz\u0119dzi wp\u0142at dostarczanych przez podmioty trzecie (dalej: \u201eOperatorzy P\u0142atno\u015bci\u201d).<\/li><li>Zasady realizacji p\u0142atno\u015bci internetowych, obejmuj\u0105cych darowizny na rzecz Fundacji, w szczeg\u00f3lno\u015bci dla wp\u0142at jednorazowych, wp\u0142at cyklicznych lub wp\u0142at celowych (dotycz\u0105cych oznaczonych projekt\u00f3w dobroczynnych prowadzonych przez Fundacj\u0119), okre\u015bla ka\u017cdorazowo Operator P\u0142atno\u015bci, w regulaminie lub w <br \/>innym podobnym dokumencie stosowanym i udost\u0119pnianym przez Operatora P\u0142atno\u015bci.<\/li><li>Fundacja informuje, \u017ce udost\u0119pniane w Serwisie internetowe narz\u0119dzia wp\u0142at mog\u0105 by\u0107 dostarczane przez r\u00f3\u017cnych Operator\u00f3w P\u0142atno\u015bci. Fundacja zach\u0119ca U\u017cytkownik\u00f3w przed dokonaniem wp\u0142aty darowizny do zapoznania si\u0119 z zasadami realizacji p\u0142atno\u015bci internetowych stosowanymi przez Operatora P\u0142atno\u015bci.<\/li><\/ol><p><strong>IV. Dane osobowe<\/strong><\/p><p>Fundacja jako administrator danych osobowych przetwarzanych w zwi\u0105zku z funkcjonowaniem Serwisu, zapewnia zgodno\u015b\u0107 tych dzia\u0142a\u0144 z przepisami prawa.<br \/>Szczeg\u00f3\u0142owe zasady przetwarzania danych okre\u015blone s\u0105 w Informacji o przetwarzaniu danych osobowych, dost\u0119pnej r\u00f3wnie\u017c w stopce Serwisu.<\/p><p><strong>V. Reklamacje dotycz\u0105ce dzia\u0142ania Serwisu<\/strong><\/p><ol><li>U\u017cytkownik ma prawo zg\u0142osi\u0107 reklamacj\u0119 dotycz\u0105c\u0105 funkcjonowania Serwisu, kieruj\u0105c j\u0105 na adres: sekretariat@fpc.org.pl<\/li><li>Reklamacja powinna zawiera\u0107: <br \/>a) imi\u0119 i nazwisko lub nazw\u0119 U\u017cytkownika, <br \/>b) opis zg\u0142aszanych nieprawid\u0142owo\u015bci, <br \/>c) okoliczno\u015bci uzasadniaj\u0105ce reklamacj\u0119, <br \/>d) co najmniej adres e-mail w\u0142a\u015bciwy do kontaktu z U\u017cytkownikiem i przekazania U\u017cytkownikowi odpowiedzi na reklamacj\u0119.<\/li><li>Je\u015bli reklamacja nie spe\u0142nia powy\u017cszych warunk\u00f3w, Fundacja poinformuje U\u017cytkownika o konieczno\u015bci jej uzupe\u0142nienia, o ile poda\u0142 dane kontaktowe.<\/li><li>Fundacja udzieli odpowiedzi na reklamacj\u0119 niezw\u0142ocznie, jednak nie p\u00f3\u017aniej ni\u017c w ci\u0105gu 14 dni od jej otrzymania.<\/li><li>Odpowied\u017a zostanie przes\u0142ana na adres e-mail wskazany przez U\u017cytkownika.<\/li><\/ol><p><strong>VI. Postanowienia ko\u0144cowe<\/strong><\/p><ol><li>Fundacja zastrzega sobie mo\u017cliwo\u015b\u0107 wprowadzania zmian w Regulaminie.<\/li><li>Fundacja mo\u017ce dokona\u0107 zmian Regulaminu w szczeg\u00f3lno\u015bci z przyczyn takich jak: zmiany przepis\u00f3w prawa, konieczno\u015b\u0107 dostosowania do decyzji organ\u00f3w administracji, poprawa funkcjonowania Serwisu, zwi\u0119kszenie bezpiecze\u0144stwa, przeciwdzia\u0142anie nadu\u017cyciom, zmiany technologiczne lub funkcjonalne Serwisu, wprowadzenie nowych us\u0142ug lub funkcji, a tak\u017ce zmiany o charakterze organizacyjnym czy identyfikacyjnym Fundacji.<\/li><li>Wszelkie pytania oraz zg\u0142oszenia dotycz\u0105ce dzia\u0142ania Serwisu mo\u017cna kierowa\u0107 na adres: sekretariat@fpc.org.pl.<\/li><li>Regulamin wchodzi w \u017cycie z dniem 26.11.2025<\/li><\/ol>\t\t\t\t\t\t\t\t<\/div>\n\t\t\t\t<\/div>\n\t\t\t\t<div class=\"elementor-element elementor-element-83560db elementor-widget elementor-widget-button\" data-id=\"83560db\" data-element_type=\"widget\" data-e-type=\"widget\" data-widget_type=\"button.default\">\n\t\t\t\t<div class=\"elementor-widget-container\">\n\t\t\t\t\t\t\t\t\t<div class=\"elementor-button-wrapper\">\n\t\t\t\t\t<a class=\"elementor-button elementor-button-link elementor-size-sm\" href=\"\">\n\t\t\t\t\t\t<span class=\"elementor-button-content-wrapper\">\n\t\t\t\t\t\t\t\t\t<span class=\"elementor-button-text\">Pobierz regulamin serwisu<\/span>\n\t\t\t\t\t<\/span>\n\t\t\t\t\t<\/a>\n\t\t\t\t<\/div>\n\t\t\t\t\t\t\t\t<\/div>\n\t\t\t\t<\/div>\n\t\t\t\t\t<\/div>\n\t\t<\/div>\n\t\t\t\t\t<\/div>\n\t\t<\/section>\n\t\t\t\t<\/div>","protected":false},"excerpt":{"rendered":"<p>Regulamin serwisu Regulamin SERWISU INTERNETOWEGO FUNDACJI POWSZECHNEGO CZYTANIA DOST\u0118PNEGO POD ADRESEM WWW.FPC.ORG.PL I. Postanowienia wst\u0119pne Niniejszy regulamin (dalej: \u201eRegulamin\u201d) okre\u015bla zasady \u015bwiadczenia us\u0142ug drog\u0105 elektroniczn\u0105, polegaj\u0105cych na umo\u017cliwieniu U\u017cytkownikom dost\u0119pu do strony internetowej Fundacji Powszechnego Czytania (dalej: \u201eFundacja\u201d), dzia\u0142aj\u0105cej pod adresem https:\/\/www.fpc.org.pl, a tak\u017ce korzystania z jej funkcjonalno\u015bci, w tym z narz\u0119dzi s\u0142u\u017c\u0105cych do przekazywania&#8230;<\/p>","protected":false},"author":9,"featured_media":0,"parent":0,"menu_order":0,"comment_status":"closed","ping_status":"closed","template":"","meta":{"_acf_changed":false,"give_campaign_id":0,"footnotes":""},"class_list":["post-996040","page","type-page","status-publish","hentry","odd"],"acf":[],"campaignId":"","_links":{"self":[{"href":"https:\/\/www.fpc.org.pl\/eng\/wp-json\/wp\/v2\/pages\/996040","targetHints":{"allow":["GET"]}}],"collection":[{"href":"https:\/\/www.fpc.org.pl\/eng\/wp-json\/wp\/v2\/pages"}],"about":[{"href":"https:\/\/www.fpc.org.pl\/eng\/wp-json\/wp\/v2\/types\/page"}],"author":[{"embeddable":true,"href":"https:\/\/www.fpc.org.pl\/eng\/wp-json\/wp\/v2\/users\/9"}],"replies":[{"embeddable":true,"href":"https:\/\/www.fpc.org.pl\/eng\/wp-json\/wp\/v2\/comments?post=996040"}],"version-history":[{"count":25,"href":"https:\/\/www.fpc.org.pl\/eng\/wp-json\/wp\/v2\/pages\/996040\/revisions"}],"predecessor-version":[{"id":996363,"href":"https:\/\/www.fpc.org.pl\/eng\/wp-json\/wp\/v2\/pages\/996040\/revisions\/996363"}],"wp:attachment":[{"href":"https:\/\/www.fpc.org.pl\/eng\/wp-json\/wp\/v2\/media?parent=996040"}],"curies":[{"name":"wp","href":"https:\/\/api.w.org\/{rel}","templated":true}]}}