{"id":988172,"date":"2024-07-24T10:59:47","date_gmt":"2024-07-24T08:59:47","guid":{"rendered":"https:\/\/www.fpc.org.pl\/?page_id=988172"},"modified":"2026-02-16T15:19:01","modified_gmt":"2026-02-16T14:19:01","slug":"tatatezczyta","status":"publish","type":"page","link":"https:\/\/www.fpc.org.pl\/eng\/nasze-projekty\/tatatezczyta\/","title":{"rendered":"#ReadingDad"},"content":{"rendered":"\t\t<div data-elementor-type=\"wp-page\" data-elementor-id=\"988172\" class=\"elementor elementor-988172\" data-elementor-post-type=\"page\">\n\t\t\t\t\t\t<section class=\"elementor-section elementor-top-section elementor-element elementor-element-67c5e6c6 elementor-section-full_width elementor-section-height-min-height animated-fast elementor-section-height-default elementor-section-items-middle elementor-invisible\" data-id=\"67c5e6c6\" data-element_type=\"section\" data-e-type=\"section\" data-settings=\"{&quot;background_background&quot;:&quot;classic&quot;,&quot;animation&quot;:&quot;fadeIn&quot;,&quot;animation_tablet&quot;:&quot;none&quot;}\">\n\t\t\t\t\t\t\t<div class=\"elementor-background-overlay\"><\/div>\n\t\t\t\t\t\t\t<div class=\"elementor-container elementor-column-gap-no\">\n\t\t\t\t\t<div class=\"elementor-column elementor-col-100 elementor-top-column elementor-element elementor-element-697a3989\" data-id=\"697a3989\" data-element_type=\"column\" data-e-type=\"column\">\n\t\t\t<div class=\"elementor-widget-wrap\">\n\t\t\t\t\t\t\t<\/div>\n\t\t<\/div>\n\t\t\t\t\t<\/div>\n\t\t<\/section>\n\t\t\t\t<section class=\"elementor-section elementor-top-section elementor-element elementor-element-57f59fd elementor-section-boxed elementor-section-height-default elementor-section-height-default\" data-id=\"57f59fd\" data-element_type=\"section\" data-e-type=\"section\">\n\t\t\t\t\t\t<div class=\"elementor-container elementor-column-gap-no\">\n\t\t\t\t\t<div class=\"elementor-column elementor-col-50 elementor-top-column elementor-element elementor-element-374e4a4\" data-id=\"374e4a4\" data-element_type=\"column\" data-e-type=\"column\" data-settings=\"{&quot;motion_fx_motion_fx_scrolling&quot;:&quot;yes&quot;,&quot;motion_fx_translateY_effect&quot;:&quot;yes&quot;,&quot;motion_fx_translateY_speed&quot;:{&quot;unit&quot;:&quot;px&quot;,&quot;size&quot;:1,&quot;sizes&quot;:[]},&quot;motion_fx_devices&quot;:[&quot;desktop&quot;],&quot;motion_fx_translateY_affectedRange&quot;:{&quot;unit&quot;:&quot;%&quot;,&quot;size&quot;:&quot;&quot;,&quot;sizes&quot;:{&quot;start&quot;:0,&quot;end&quot;:100}}}\">\n\t\t\t<div class=\"elementor-widget-wrap elementor-element-populated\">\n\t\t\t\t\t\t<div class=\"elementor-element elementor-element-997c4bf elementor-widget elementor-widget-heading\" data-id=\"997c4bf\" data-element_type=\"widget\" data-e-type=\"widget\" data-widget_type=\"heading.default\">\n\t\t\t\t<div class=\"elementor-widget-container\">\n\t\t\t\t\t<h4 class=\"elementor-heading-title elementor-size-default\">nasze projekty<\/h4>\t\t\t\t<\/div>\n\t\t\t\t<\/div>\n\t\t\t\t<div class=\"elementor-element elementor-element-fb9e5c2 elementor-widget__width-auto elementor-widget-tablet__width-auto elementor-widget-mobile__width-inherit vamtam-align-left elementor-widget elementor-widget-heading\" data-id=\"fb9e5c2\" data-element_type=\"widget\" data-e-type=\"widget\" data-widget_type=\"heading.heading_caridad\">\n\t\t\t\t<div class=\"elementor-widget-container\">\n\t\t\t\t\t<h1 class='vamtam-heading-wrapper'><div class=\"elementor-heading-title\">#TataTe\u017c<\/div><div class=\"elementor-heading-title\">Czyta<\/div><\/h1>\t\t\t\t<\/div>\n\t\t\t\t<\/div>\n\t\t\t\t\t<\/div>\n\t\t<\/div>\n\t\t\t\t<div class=\"elementor-column elementor-col-50 elementor-top-column elementor-element elementor-element-e3ac0d8 elementor-hidden-desktop elementor-hidden-tablet elementor-hidden-phone\" data-id=\"e3ac0d8\" data-element_type=\"column\" data-e-type=\"column\">\n\t\t\t<div class=\"elementor-widget-wrap\">\n\t\t\t\t\t\t\t<\/div>\n\t\t<\/div>\n\t\t\t\t\t<\/div>\n\t\t<\/section>\n\t\t\t\t<section class=\"elementor-section elementor-top-section elementor-element elementor-element-76a00ee elementor-reverse-tablet elementor-reverse-mobile elementor-section-boxed elementor-section-height-default elementor-section-height-default\" data-id=\"76a00ee\" data-element_type=\"section\" data-e-type=\"section\">\n\t\t\t\t\t\t<div class=\"elementor-container elementor-column-gap-no\">\n\t\t\t\t\t<div class=\"elementor-column elementor-col-66 elementor-top-column elementor-element elementor-element-f6f4e81\" data-id=\"f6f4e81\" data-element_type=\"column\" data-e-type=\"column\">\n\t\t\t<div class=\"elementor-widget-wrap elementor-element-populated\">\n\t\t\t\t\t\t<div class=\"elementor-element elementor-element-dc42979 elementor-widget elementor-widget-spacer\" data-id=\"dc42979\" data-element_type=\"widget\" data-e-type=\"widget\" data-widget_type=\"spacer.default\">\n\t\t\t\t<div class=\"elementor-widget-container\">\n\t\t\t\t\t\t\t<div class=\"elementor-spacer\">\n\t\t\t<div class=\"elementor-spacer-inner\"><\/div>\n\t\t<\/div>\n\t\t\t\t\t\t<\/div>\n\t\t\t\t<\/div>\n\t\t\t\t<div class=\"elementor-element elementor-element-cde1a78 elementor-widget elementor-widget-heading\" data-id=\"cde1a78\" data-element_type=\"widget\" data-e-type=\"widget\" data-widget_type=\"heading.default\">\n\t\t\t\t<div class=\"elementor-widget-container\">\n\t\t\t\t\t<h4 class=\"elementor-heading-title elementor-size-default\">OG\u00d3LNOPOLSKA KAMPANIA PROCZYTELNICZA<\/h4>\t\t\t\t<\/div>\n\t\t\t\t<\/div>\n\t\t\t\t<div class=\"elementor-element elementor-element-a03b35d elementor-widget elementor-widget-text-editor\" data-id=\"a03b35d\" data-element_type=\"widget\" data-e-type=\"widget\" data-widget_type=\"text-editor.default\">\n\t\t\t\t<div class=\"elementor-widget-container\">\n\t\t\t\t\t\t\t\t\t<p>Siedz\u0105c, le\u017c\u0105c, stoj\u0105c. W tramwaju, w poczekalni, w \u0142\u00f3\u017cku. <strong>Czytaj! <\/strong><br \/><strong>Samemu sobie, a przede wszystkim dziecku.<\/strong> Na ka\u017cdym etapie jego <br \/>rozwoju.<\/p><p>Dzieci, kt\u00f3rym rodzice regularnie czytaj\u0105, ju\u017c w wieku trzech lat <br \/>rozumiej\u0105 dwa razy wi\u0119cej s\u0142\u00f3w ni\u017c ich r\u00f3wie\u015bnicy! Czytanie wp\u0142ywa <br \/>na rozw\u00f3j, stymuluje \u017cyciowe sukcesy. Pozwala zrozumie\u0107 siebie i innych; zdystansowa\u0107 si\u0119 wobec trud\u00f3w dorastania. Daje wiedz\u0119, kt\u00f3ra idzie w parze ze sprawczo\u015bci\u0105.<\/p><p><strong>#TataTe\u017cCzyta to wa\u017cne zawo\u0142anie. Dzi\u015b w Polsce ch\u0142opcy i panowie czytaj\u0105 du\u017co mniej ni\u017c dziewczynki i kobiety.<\/strong> Na pewno <br \/>jedn\u0105 z przyczyn jest brak m\u0119skiego czytaj\u0105cego wzorca \u2013 warto to zmienia\u0107. Tatusiowie, Wujowie, Dziadkowie, Starsi Bracia, <br \/>Opiekunowie, Trenerzy \u2013 czytajcie!<\/p><p><strong>Dowiedz si\u0119 wi\u0119cej o og\u00f3lnopolskiej kampanii #TataTe\u017cCzyta &#8211; w\u0142\u0105cz si\u0119 i czyaj!<\/strong><\/p>\t\t\t\t\t\t\t\t<\/div>\n\t\t\t\t<\/div>\n\t\t\t\t<div class=\"elementor-element elementor-element-957cf40 elementor-widget elementor-widget-spacer\" data-id=\"957cf40\" data-element_type=\"widget\" data-e-type=\"widget\" data-widget_type=\"spacer.default\">\n\t\t\t\t<div class=\"elementor-widget-container\">\n\t\t\t\t\t\t\t<div class=\"elementor-spacer\">\n\t\t\t<div class=\"elementor-spacer-inner\"><\/div>\n\t\t<\/div>\n\t\t\t\t\t\t<\/div>\n\t\t\t\t<\/div>\n\t\t\t\t\t<\/div>\n\t\t<\/div>\n\t\t\t\t<div class=\"elementor-column elementor-col-33 elementor-top-column elementor-element elementor-element-708511e\" data-id=\"708511e\" data-element_type=\"column\" data-e-type=\"column\">\n\t\t\t<div class=\"elementor-widget-wrap elementor-element-populated\">\n\t\t\t\t\t\t<div class=\"elementor-element elementor-element-02391e0 elementor-widget elementor-widget-heading\" data-id=\"02391e0\" data-element_type=\"widget\" data-e-type=\"widget\" data-widget_type=\"heading.default\">\n\t\t\t\t<div class=\"elementor-widget-container\">\n\t\t\t\t\t<h4 class=\"elementor-heading-title elementor-size-default\">co? jak? dlaczego?<\/h4>\t\t\t\t<\/div>\n\t\t\t\t<\/div>\n\t\t\t\t<div class=\"elementor-element elementor-element-bba9cd9 elementor-widget__width-initial elementor-widget elementor-widget-heading\" data-id=\"bba9cd9\" data-element_type=\"widget\" data-e-type=\"widget\" data-widget_type=\"heading.default\">\n\t\t\t\t<div class=\"elementor-widget-container\">\n\t\t\t\t\t<h2 class=\"elementor-heading-title elementor-size-default\">Warto czyta\u0107 \nz dzieckiem<\/h2>\t\t\t\t<\/div>\n\t\t\t\t<\/div>\n\t\t\t\t<div class=\"elementor-element elementor-element-9ee3943 elementor-widget__width-initial elementor-widget elementor-widget-image\" data-id=\"9ee3943\" data-element_type=\"widget\" data-e-type=\"widget\" data-widget_type=\"image.default\">\n\t\t\t\t<div class=\"elementor-widget-container\">\n\t\t\t\t\t\t\t\t\t<div class=\"elementor-image\">\n\t\t\t\t\t\t\t\t\t\t\t\t\t\t\t\t\t\t\t\t\t\t<a href=\"http:\/\/www.tatatezczyta.pl\" target=\"_blank\" rel=\"noopener\">\n\t\t\t\t\t\t\t\t\t\t\t<img decoding=\"async\" src=\"https:\/\/www.fpc.org.pl\/wp-content\/uploads\/2026\/01\/TTCz26-logo.jpg\" title=\"TTCz26 logo\" alt=\"TTCz26 logo\" loading=\"lazy\" \/>\t\t\t\t\t\t\t\t\t\t\t\t<\/a>\n\t\t\t\t\t\t\t\t\t\t\t\t\t\t\t\t\t\t\t\t\t\t\t\t<\/div>\n\t\t\t\t\t\t\t\t<\/div>\n\t\t\t\t<\/div>\n\t\t\t\t<div class=\"elementor-element elementor-element-4be901f elementor-widget__width-initial elementor-widget elementor-widget-heading\" data-id=\"4be901f\" data-element_type=\"widget\" data-e-type=\"widget\" data-widget_type=\"heading.default\">\n\t\t\t\t<div class=\"elementor-widget-container\">\n\t\t\t\t\t<h2 class=\"elementor-heading-title elementor-size-default\">...bo czytanie \u0142\u0105czy!<\/h2>\t\t\t\t<\/div>\n\t\t\t\t<\/div>\n\t\t\t\t<div class=\"elementor-element elementor-element-ee98078 elementor-align-left elementor-widget__width-initial elementor-widget elementor-widget-button\" data-id=\"ee98078\" data-element_type=\"widget\" data-e-type=\"widget\" data-widget_type=\"button.default\">\n\t\t\t\t<div class=\"elementor-widget-container\">\n\t\t\t\t\t\t\t\t\t<div class=\"elementor-button-wrapper\">\n\t\t\t\t\t<a class=\"elementor-button elementor-button-link elementor-size-sm\" href=\"http:\/\/www.tatatezczyta.pl\" target=\"_blank\" rel=\"noopener\">\n\t\t\t\t\t\t<span class=\"elementor-button-content-wrapper\">\n\t\t\t\t\t\t\t\t\t<span class=\"elementor-button-text\">DOWIEDZ SI\u0118 WI\u0118CEJ<\/span>\n\t\t\t\t\t<\/span>\n\t\t\t\t\t<\/a>\n\t\t\t\t<\/div>\n\t\t\t\t\t\t\t\t<\/div>\n\t\t\t\t<\/div>\n\t\t\t\t\t<\/div>\n\t\t<\/div>\n\t\t\t\t\t<\/div>\n\t\t<\/section>\n\t\t<div class=\"elementor-element elementor-element-d70368c e-flex e-con-boxed e-con e-parent\" data-id=\"d70368c\" data-element_type=\"container\" data-e-type=\"container\">\n\t\t\t\t\t<div class=\"e-con-inner\">\n\t\t<div class=\"elementor-element elementor-element-ce9ff48 e-con-full e-flex e-con e-child\" data-id=\"ce9ff48\" data-element_type=\"container\" data-e-type=\"container\">\n\t\t\t\t<div class=\"elementor-element elementor-element-9ba66d6 elementor-widget elementor-widget-heading\" data-id=\"9ba66d6\" data-element_type=\"widget\" data-e-type=\"widget\" data-widget_type=\"heading.default\">\n\t\t\t\t<div class=\"elementor-widget-container\">\n\t\t\t\t\t<h2 class=\"elementor-heading-title elementor-size-default\">Obecnie trwaj\u0105 prace nad czwart\u0105 edycj\u0105 kampanii<br>#TataTe\u017cCzyta<\/h2>\t\t\t\t<\/div>\n\t\t\t\t<\/div>\n\t\t\t\t<div class=\"elementor-element elementor-element-a7bba1e elementor-widget elementor-widget-text-editor\" data-id=\"a7bba1e\" data-element_type=\"widget\" data-e-type=\"widget\" data-widget_type=\"text-editor.default\">\n\t\t\t\t<div class=\"elementor-widget-container\">\n\t\t\t\t\t\t\t\t\t<p><span style=\"font-family: Poppins, sans-serif;\">Kampania ma formu\u0142\u0119 otwart\u0105 &#8211; mog\u0105 w\u0142\u0105cza\u0107 si\u0119 w ni\u0105 rodzice, biblioteki, szko\u0142y i przedszkola, firmy, miasta i samorz\u0105dy.<\/span><\/p>\n<p>W ci\u0105gu 3 lat kampanii odby\u0142o si\u0119 ponad 5000 spotka\u0144 w ca\u0142ej Polsce, na kt\u00f3re zapraszani byli stra\u017cacy, policjanci, le\u015bnicy, ale i zwykli tatusiowie, dziadkowie, wujkowie, starsi bracia.<\/p>\n<p>Do kampanii co roku w\u0142\u0105cza si\u0119 ponad 100 partner\u00f3w i ponad 20 ambasador\u00f3w (aktor\u00f3w, sportowc\u00f3w, influencer\u00f3w).&nbsp; Kampanii towarzyszy zasi\u0119gowa kampania mediowa (digital outdoor, kampania displayowa, telewizyjna i radiowa). Zasi\u0119g kampanii w 2025 roku to 150 000 000 kontakt\u00f3w z reklam\u0105.<\/p>\n<p><span style=\"font-family: Poppins, sans-serif;\">Zach\u0119camy do korzystania z darmowych materia\u0142\u00f3w. Kampanii towarzyszy poradnik <strong>SupermocKsia\u017cek #TataTe\u017cCzyta2025 dystrybuowany w nak\u0142adzie 75000 w ca\u0142ej Polsce!<\/strong><\/span><\/p>\t\t\t\t\t\t\t\t<\/div>\n\t\t\t\t<\/div>\n\t\t\t\t<div class=\"elementor-element elementor-element-a9abf92 elementor-align-center elementor-widget elementor-widget-button\" data-id=\"a9abf92\" data-element_type=\"widget\" data-e-type=\"widget\" data-widget_type=\"button.default\">\n\t\t\t\t<div class=\"elementor-widget-container\">\n\t\t\t\t\t\t\t\t\t<div class=\"elementor-button-wrapper\">\n\t\t\t\t\t<a class=\"elementor-button elementor-button-link elementor-size-sm\" href=\"http:\/\/www.tatatezczyta.pl\" target=\"_blank\" rel=\"noopener\">\n\t\t\t\t\t\t<span class=\"elementor-button-content-wrapper\">\n\t\t\t\t\t\t\t\t\t<span class=\"elementor-button-text\">PRZEJD\u0179 NA STRON\u0118 PROJEKTU<\/span>\n\t\t\t\t\t<\/span>\n\t\t\t\t\t<\/a>\n\t\t\t\t<\/div>\n\t\t\t\t\t\t\t\t<\/div>\n\t\t\t\t<\/div>\n\t\t\t\t<\/div>\n\t\t\t\t\t<\/div>\n\t\t\t\t<\/div>\n\t\t<div class=\"elementor-element elementor-element-4826893 e-flex e-con-boxed e-con e-parent\" data-id=\"4826893\" data-element_type=\"container\" data-e-type=\"container\">\n\t\t\t\t\t<div class=\"e-con-inner\">\n\t\t\t\t<div class=\"elementor-element elementor-element-50c1e9a elementor-widget elementor-widget-image\" data-id=\"50c1e9a\" data-element_type=\"widget\" data-e-type=\"widget\" data-widget_type=\"image.default\">\n\t\t\t\t<div class=\"elementor-widget-container\">\n\t\t\t\t\t\t\t\t\t<div class=\"elementor-image\">\n\t\t\t\t\t\t\t\t\t\t\t\t\t\t\t\t\t\t\t\t\t\t<a href=\"https:\/\/www.fpc.org.pl\/wp-content\/uploads\/2026\/01\/TTCz25-ENG.pdf\">\n\t\t\t\t\t\t\t\t\t\t\t<img fetchpriority=\"high\" decoding=\"async\" width=\"448\" height=\"516\" src=\"https:\/\/www.fpc.org.pl\/wp-content\/uploads\/2026\/01\/2026-01-02-12_28_14-TTCz25-ENG.pdf-Adobe-Acrobat-64-bit.png\" class=\"attachment-large size-large wp-image-996695\" alt=\"\" srcset=\"https:\/\/www.fpc.org.pl\/wp-content\/uploads\/2026\/01\/2026-01-02-12_28_14-TTCz25-ENG.pdf-Adobe-Acrobat-64-bit.png 448w, https:\/\/www.fpc.org.pl\/wp-content\/uploads\/2026\/01\/2026-01-02-12_28_14-TTCz25-ENG.pdf-Adobe-Acrobat-64-bit-260x300.png 260w, https:\/\/www.fpc.org.pl\/wp-content\/uploads\/2026\/01\/2026-01-02-12_28_14-TTCz25-ENG.pdf-Adobe-Acrobat-64-bit-10x12.png 10w\" sizes=\"(max-width: 448px) 100vw, 448px\" \/>\t\t\t\t\t\t\t\t\t\t\t\t<\/a>\n\t\t\t\t\t\t\t\t\t\t\t\t\t\t\t\t\t\t\t\t\t\t\t\t<\/div>\n\t\t\t\t\t\t\t\t<\/div>\n\t\t\t\t<\/div>\n\t\t\t\t<div class=\"elementor-element elementor-element-be3456f elementor-align-center elementor-widget elementor-widget-button\" data-id=\"be3456f\" data-element_type=\"widget\" data-e-type=\"widget\" data-widget_type=\"button.default\">\n\t\t\t\t<div class=\"elementor-widget-container\">\n\t\t\t\t\t\t\t\t\t<div class=\"elementor-button-wrapper\">\n\t\t\t\t\t<a class=\"elementor-button elementor-button-link elementor-size-sm\" href=\"https:\/\/www.fpc.org.pl\/wp-content\/uploads\/2026\/01\/TTCz25-ENG.pdf\">\n\t\t\t\t\t\t<span class=\"elementor-button-content-wrapper\">\n\t\t\t\t\t\t\t\t\t<span class=\"elementor-button-text\">POBIERZ PORADNIK<\/span>\n\t\t\t\t\t<\/span>\n\t\t\t\t\t<\/a>\n\t\t\t\t<\/div>\n\t\t\t\t\t\t\t\t<\/div>\n\t\t\t\t<\/div>\n\t\t\t\t\t<\/div>\n\t\t\t\t<\/div>\n\t\t<div class=\"elementor-element elementor-element-8bb7f74 e-flex e-con-boxed e-con e-parent\" data-id=\"8bb7f74\" data-element_type=\"container\" data-e-type=\"container\">\n\t\t\t\t\t<div class=\"e-con-inner\">\n\t\t\t\t<div class=\"elementor-element elementor-element-98139b4 elementor-widget elementor-widget-spacer\" data-id=\"98139b4\" data-element_type=\"widget\" data-e-type=\"widget\" data-widget_type=\"spacer.default\">\n\t\t\t\t<div class=\"elementor-widget-container\">\n\t\t\t\t\t\t\t<div class=\"elementor-spacer\">\n\t\t\t<div class=\"elementor-spacer-inner\"><\/div>\n\t\t<\/div>\n\t\t\t\t\t\t<\/div>\n\t\t\t\t<\/div>\n\t\t\t\t\t<\/div>\n\t\t\t\t<\/div>\n\t\t<div class=\"elementor-element elementor-element-acfb11d e-con-full e-flex e-con e-parent\" data-id=\"acfb11d\" data-element_type=\"container\" data-e-type=\"container\">\n\t\t\t\t<div class=\"elementor-element elementor-element-69b21e6 elementor-widget elementor-widget-image\" data-id=\"69b21e6\" data-element_type=\"widget\" data-e-type=\"widget\" data-widget_type=\"image.default\">\n\t\t\t\t<div class=\"elementor-widget-container\">\n\t\t\t\t\t\t\t\t\t<div class=\"elementor-image\">\n\t\t\t\t\t\t\t\t\t\t\t\t\t\t\t\t\t\t\t\t\t<img decoding=\"async\" width=\"1536\" height=\"360\" src=\"https:\/\/www.fpc.org.pl\/wp-content\/uploads\/2024\/07\/TTCZ24-belka5-scaled-1-1536x360.jpg\" class=\"attachment-1536x1536 size-1536x1536 wp-image-988253\" alt=\"\" srcset=\"https:\/\/www.fpc.org.pl\/wp-content\/uploads\/2024\/07\/TTCZ24-belka5-scaled-1-1536x360.jpg 1536w, https:\/\/www.fpc.org.pl\/wp-content\/uploads\/2024\/07\/TTCZ24-belka5-scaled-1-630x148.jpg 630w, https:\/\/www.fpc.org.pl\/wp-content\/uploads\/2024\/07\/TTCZ24-belka5-scaled-1-300x70.jpg 300w, https:\/\/www.fpc.org.pl\/wp-content\/uploads\/2024\/07\/TTCZ24-belka5-scaled-1-1024x240.jpg 1024w, https:\/\/www.fpc.org.pl\/wp-content\/uploads\/2024\/07\/TTCZ24-belka5-scaled-1-768x180.jpg 768w, https:\/\/www.fpc.org.pl\/wp-content\/uploads\/2024\/07\/TTCZ24-belka5-scaled-1-2048x480.jpg 2048w, https:\/\/www.fpc.org.pl\/wp-content\/uploads\/2024\/07\/TTCZ24-belka5-scaled-1-1260x295.jpg 1260w\" sizes=\"(max-width: 1536px) 100vw, 1536px\" \/>\t\t\t\t\t\t\t\t\t\t\t\t\t\t\t\t\t\t\t\t\t\t\t\t<\/div>\n\t\t\t\t\t\t\t\t<\/div>\n\t\t\t\t<\/div>\n\t\t\t\t<\/div>\n\t\t\t\t<\/div>\n\t\t","protected":false},"excerpt":{"rendered":"<p>nasze projekty #TataTe\u017cCzyta OG\u00d3LNOPOLSKA KAMPANIA PROCZYTELNICZA Siedz\u0105c, le\u017c\u0105c, stoj\u0105c. W tramwaju, w poczekalni, w \u0142\u00f3\u017cku. Czytaj! Samemu sobie, a przede wszystkim dziecku. Na ka\u017cdym etapie jego rozwoju. Dzieci, kt\u00f3rym rodzice regularnie czytaj\u0105, ju\u017c w wieku trzech lat rozumiej\u0105 dwa razy wi\u0119cej s\u0142\u00f3w ni\u017c ich r\u00f3wie\u015bnicy! Czytanie wp\u0142ywa na rozw\u00f3j, stymuluje \u017cyciowe sukcesy. Pozwala zrozumie\u0107 siebie&#8230;<\/p>","protected":false},"author":2,"featured_media":0,"parent":37617,"menu_order":0,"comment_status":"closed","ping_status":"closed","template":"","meta":{"_acf_changed":false,"give_campaign_id":0,"footnotes":""},"class_list":["post-988172","page","type-page","status-publish","hentry","odd"],"acf":[],"campaignId":"","_links":{"self":[{"href":"https:\/\/www.fpc.org.pl\/eng\/wp-json\/wp\/v2\/pages\/988172","targetHints":{"allow":["GET"]}}],"collection":[{"href":"https:\/\/www.fpc.org.pl\/eng\/wp-json\/wp\/v2\/pages"}],"about":[{"href":"https:\/\/www.fpc.org.pl\/eng\/wp-json\/wp\/v2\/types\/page"}],"author":[{"embeddable":true,"href":"https:\/\/www.fpc.org.pl\/eng\/wp-json\/wp\/v2\/users\/2"}],"replies":[{"embeddable":true,"href":"https:\/\/www.fpc.org.pl\/eng\/wp-json\/wp\/v2\/comments?post=988172"}],"version-history":[{"count":190,"href":"https:\/\/www.fpc.org.pl\/eng\/wp-json\/wp\/v2\/pages\/988172\/revisions"}],"predecessor-version":[{"id":997002,"href":"https:\/\/www.fpc.org.pl\/eng\/wp-json\/wp\/v2\/pages\/988172\/revisions\/997002"}],"up":[{"embeddable":true,"href":"https:\/\/www.fpc.org.pl\/eng\/wp-json\/wp\/v2\/pages\/37617"}],"wp:attachment":[{"href":"https:\/\/www.fpc.org.pl\/eng\/wp-json\/wp\/v2\/media?parent=988172"}],"curies":[{"name":"wp","href":"https:\/\/api.w.org\/{rel}","templated":true}]}}