{"id":987876,"date":"2024-07-18T17:04:01","date_gmt":"2024-07-18T15:04:01","guid":{"rendered":"https:\/\/www.fpc.org.pl\/?page_id=987876"},"modified":"2024-08-14T14:46:00","modified_gmt":"2024-08-14T12:46:00","slug":"edycja2022","status":"publish","type":"page","link":"https:\/\/www.fpc.org.pl\/eng\/kariatydy-czytelnictwa\/edycja2022\/","title":{"rendered":"Edycja 2022"},"content":{"rendered":"\t\t<div data-elementor-type=\"wp-page\" data-elementor-id=\"987876\" class=\"elementor elementor-987876\" data-elementor-post-type=\"page\">\n\t\t\t\t\t\t<section class=\"elementor-section elementor-top-section elementor-element elementor-element-e0540a1 elementor-section-full_width elementor-section-height-min-height animated-fast elementor-section-height-default elementor-section-items-middle elementor-invisible\" data-id=\"e0540a1\" data-element_type=\"section\" data-e-type=\"section\" data-settings=\"{&quot;background_background&quot;:&quot;classic&quot;,&quot;animation&quot;:&quot;fadeIn&quot;,&quot;animation_tablet&quot;:&quot;none&quot;}\">\n\t\t\t\t\t\t\t<div class=\"elementor-background-overlay\"><\/div>\n\t\t\t\t\t\t\t<div class=\"elementor-container elementor-column-gap-no\">\n\t\t\t\t\t<div class=\"elementor-column elementor-col-100 elementor-top-column elementor-element elementor-element-f27fce2\" data-id=\"f27fce2\" data-element_type=\"column\" data-e-type=\"column\">\n\t\t\t<div class=\"elementor-widget-wrap\">\n\t\t\t\t\t\t\t<\/div>\n\t\t<\/div>\n\t\t\t\t\t<\/div>\n\t\t<\/section>\n\t\t\t\t<section class=\"elementor-section elementor-top-section elementor-element elementor-element-1f8fdfd elementor-section-boxed elementor-section-height-default elementor-section-height-default\" data-id=\"1f8fdfd\" data-element_type=\"section\" data-e-type=\"section\" data-settings=\"{&quot;animation&quot;:&quot;none&quot;}\">\n\t\t\t\t\t\t<div class=\"elementor-container elementor-column-gap-no\">\n\t\t\t\t\t<div class=\"elementor-column elementor-col-50 elementor-top-column elementor-element elementor-element-88ad292\" data-id=\"88ad292\" data-element_type=\"column\" data-e-type=\"column\" data-settings=\"{&quot;motion_fx_motion_fx_scrolling&quot;:&quot;yes&quot;,&quot;motion_fx_translateY_effect&quot;:&quot;yes&quot;,&quot;motion_fx_translateY_speed&quot;:{&quot;unit&quot;:&quot;px&quot;,&quot;size&quot;:1,&quot;sizes&quot;:[]},&quot;motion_fx_devices&quot;:[&quot;desktop&quot;],&quot;motion_fx_translateY_affectedRange&quot;:{&quot;unit&quot;:&quot;%&quot;,&quot;size&quot;:&quot;&quot;,&quot;sizes&quot;:{&quot;start&quot;:0,&quot;end&quot;:100}}}\">\n\t\t\t<div class=\"elementor-widget-wrap elementor-element-populated\">\n\t\t\t\t\t\t<div class=\"elementor-element elementor-element-84b8182 elementor-widget elementor-widget-heading\" data-id=\"84b8182\" data-element_type=\"widget\" data-e-type=\"widget\" data-widget_type=\"heading.default\">\n\t\t\t\t<div class=\"elementor-widget-container\">\n\t\t\t\t\t<h4 class=\"elementor-heading-title elementor-size-default\">Kariatydy Czytelnictwa<\/h4>\t\t\t\t<\/div>\n\t\t\t\t<\/div>\n\t\t\t\t<div class=\"elementor-element elementor-element-6fb3f29 elementor-widget__width-auto elementor-widget-tablet__width-auto elementor-widget-mobile__width-inherit vamtam-align-left elementor-widget elementor-widget-heading\" data-id=\"6fb3f29\" data-element_type=\"widget\" data-e-type=\"widget\" data-widget_type=\"heading.heading_caridad\">\n\t\t\t\t<div class=\"elementor-widget-container\">\n\t\t\t\t\t<h1 class='vamtam-heading-wrapper'><div class=\"elementor-heading-title\">EDYCJA II<\/div><div class=\"elementor-heading-title\">2022<\/div><\/h1>\t\t\t\t<\/div>\n\t\t\t\t<\/div>\n\t\t\t\t\t<\/div>\n\t\t<\/div>\n\t\t\t\t<div class=\"elementor-column elementor-col-50 elementor-top-column elementor-element elementor-element-af99654 elementor-hidden-desktop elementor-hidden-tablet elementor-hidden-phone\" data-id=\"af99654\" data-element_type=\"column\" data-e-type=\"column\">\n\t\t\t<div class=\"elementor-widget-wrap\">\n\t\t\t\t\t\t\t<\/div>\n\t\t<\/div>\n\t\t\t\t\t<\/div>\n\t\t<\/section>\n\t\t<div class=\"elementor-element elementor-element-3c9409a e-flex e-con-boxed e-con e-parent\" data-id=\"3c9409a\" data-element_type=\"container\" data-e-type=\"container\">\n\t\t\t\t\t<div class=\"e-con-inner\">\n\t\t\t\t<div class=\"elementor-element elementor-element-122dd48 elementor-widget elementor-widget-text-editor\" data-id=\"122dd48\" data-element_type=\"widget\" data-e-type=\"widget\" data-widget_type=\"text-editor.default\">\n\t\t\t\t<div class=\"elementor-widget-container\">\n\t\t\t\t\t\t\t\t\t<p>Fundacja Powszechnego Czytania\u00a0 po raz drugi przyzna\u0142a Kariatydy Czytelnictwa. Jest to wyr\u00f3\u017cnienie i wyraz ogromnej wdzi\u0119czno\u015bci dla ludzi, instytucji, firm, kt\u00f3re dzia\u0142aj\u0105 na rzecz upowszechniania czytania i w znacz\u0105cy spos\u00f3b wspieraj\u0105 projekty fundacji.<\/p><p><strong>Tytu\u0142 Kariatyda Czytelnictwa za rok 2022 otrzymali:<\/strong><\/p><p>Polska Izba Ksi\u0105\u017cki<\/p><p>KBF \u2013 Krakowskie Biuro Festiwalowe<\/p><p>Wroc\u0142awski Dom Literatury<\/p><p>Wydawnictwo Nowa Era<\/p><p>firma Legimi<\/p><p>firma Selectivv<\/p><p>drukarnia Abedik<\/p><p>drukarnia Anczyca<\/p><p>Izabela\u00a0 Kami\u0144ska<\/p><p>Teresa\u00a0 Liburska-\u0141\u00f3j<\/p><p>Karina \u00a0 Mucha<\/p><p>Krystyna R\u00f3zga<\/p><p>Joanna\u00a0 Rzyska<\/p><p>Joanna\u00a0 Wielowieyska<\/p><p>Katarzyna Wilk<\/p><p>Ma\u0142gorzata Chojecka<\/p><p>wydawnictwo WoltersKluwer<\/p><p>Unia Metropolii Polskich<\/p><p>firma Ringier Axel Springer Polska<\/p><p>firma Motyle ksi\u0105\u017ckowe<\/p><p>firma Platon<\/p><p>firma DPD<\/p><p>firma InPost<\/p><p>firma Zrzutka.pl<\/p><p>wydawnictwo Insignis<\/p><p>drukarnia Interak<\/p><p>wydawnictwo Mamania<\/p><p>wydawnictwo Media Rodzina<\/p><p>wydawnictwo Media Service Zawada<\/p><p>wydawnictwo Dwukropek<\/p><p>wydawnictwo A ja czytam<\/p><p>drukarnia Druk-Intro<\/p><p>wydawnictwo Powergraph<\/p><p>drukarnia Totem<\/p><p>wydawnictwo Wilga<\/p><p>Wydawnictwo Pozna\u0144skie<\/p><p>wydawnictwo Znak<\/p><p>wydawnictwo HarperCollins Polska<\/p><p>firma Artur Sok\u00f3\u0142<\/p><p>kancelaria Barembruch i Wsp\u00f3lnicy<\/p><p>kancelaria DGTL<\/p><p>firma Green Caff\u00e8 Nero<\/p><p>Jadwiga Grzeszczuk<\/p><p>Aleksandra Strzelecka<\/p><p>agencja LoveBrands Relations<\/p><p>winiarnia Miel\u017cy\u0144ski<\/p><p>firma Soltax<\/p><p>drukarnia Sowa<\/p>\t\t\t\t\t\t\t\t<\/div>\n\t\t\t\t<\/div>\n\t\t\t\t\t<\/div>\n\t\t\t\t<\/div>\n\t\t<div class=\"elementor-element elementor-element-6c26933 e-flex e-con-boxed e-con e-parent\" data-id=\"6c26933\" data-element_type=\"container\" data-e-type=\"container\">\n\t\t\t\t\t<div class=\"e-con-inner\">\n\t\t\t\t<div class=\"elementor-element elementor-element-582640d elementor-widget elementor-widget-heading\" data-id=\"582640d\" data-element_type=\"widget\" data-e-type=\"widget\" data-widget_type=\"heading.default\">\n\t\t\t\t<div class=\"elementor-widget-container\">\n\t\t\t\t\t<h2 class=\"elementor-heading-title elementor-size-default\">Zobacz pozosta\u0142e edycje <\/h2>\t\t\t\t<\/div>\n\t\t\t\t<\/div>\n\t\t\t\t\t<\/div>\n\t\t\t\t<\/div>\n\t\t<div class=\"elementor-element elementor-element-3824c68 e-flex e-con-boxed e-con e-parent\" data-id=\"3824c68\" data-element_type=\"container\" data-e-type=\"container\">\n\t\t\t\t\t<div class=\"e-con-inner\">\n\t\t<div class=\"elementor-element elementor-element-73e546f e-con-full e-flex e-con e-child\" data-id=\"73e546f\" data-element_type=\"container\" data-e-type=\"container\">\n\t\t\t\t<div class=\"elementor-element elementor-element-651a2c2 elementor-widget elementor-widget-text-editor\" data-id=\"651a2c2\" data-element_type=\"widget\" data-e-type=\"widget\" data-widget_type=\"text-editor.default\">\n\t\t\t\t<div class=\"elementor-widget-container\">\n\t\t\t\t\t\t\t\t\t<p>EDYCJA I<\/p>\t\t\t\t\t\t\t\t<\/div>\n\t\t\t\t<\/div>\n\t\t\t\t<div class=\"elementor-element elementor-element-e6c92b4 elementor-widget elementor-widget-heading\" data-id=\"e6c92b4\" data-element_type=\"widget\" data-e-type=\"widget\" data-widget_type=\"heading.default\">\n\t\t\t\t<div class=\"elementor-widget-container\">\n\t\t\t\t\t<h2 class=\"elementor-heading-title elementor-size-default\">2019<\/h2>\t\t\t\t<\/div>\n\t\t\t\t<\/div>\n\t\t\t\t<div class=\"elementor-element elementor-element-0760b4d vamtam-has-underline-anim elementor-widget__width-initial elementor-mobile-align-left elementor-widget elementor-widget-button\" data-id=\"0760b4d\" data-element_type=\"widget\" data-e-type=\"widget\" data-widget_type=\"button.default\">\n\t\t\t\t<div class=\"elementor-widget-container\">\n\t\t\t\t\t\t\t\t\t<div class=\"elementor-button-wrapper\">\n\t\t\t\t\t<a class=\"elementor-button elementor-button-link elementor-size-sm\" href=\"https:\/\/www.fpc.org.pl\/kariatydy-czytelnictwa\/edycja2019\/\">\n\t\t\t\t\t\t<span class=\"elementor-button-content-wrapper\">\n\t\t\t\t\t\t\t\t\t<span class=\"elementor-button-text\">Zobacz wi\u0119cej<\/span>\n\t\t\t\t\t<\/span>\n\t\t\t\t\t<\/a>\n\t\t\t\t<\/div>\n\t\t\t\t\t\t\t\t<\/div>\n\t\t\t\t<\/div>\n\t\t\t\t<\/div>\n\t\t<div class=\"elementor-element elementor-element-c44a34d e-con-full e-flex e-con e-child\" data-id=\"c44a34d\" data-element_type=\"container\" data-e-type=\"container\">\n\t\t\t\t<div class=\"elementor-element elementor-element-e56897b elementor-widget elementor-widget-text-editor\" data-id=\"e56897b\" data-element_type=\"widget\" data-e-type=\"widget\" data-widget_type=\"text-editor.default\">\n\t\t\t\t<div class=\"elementor-widget-container\">\n\t\t\t\t\t\t\t\t\t<p>EDYCJA III<\/p>\t\t\t\t\t\t\t\t<\/div>\n\t\t\t\t<\/div>\n\t\t\t\t<div class=\"elementor-element elementor-element-f76011f elementor-widget elementor-widget-heading\" data-id=\"f76011f\" data-element_type=\"widget\" data-e-type=\"widget\" data-widget_type=\"heading.default\">\n\t\t\t\t<div class=\"elementor-widget-container\">\n\t\t\t\t\t<h2 class=\"elementor-heading-title elementor-size-default\">2023<\/h2>\t\t\t\t<\/div>\n\t\t\t\t<\/div>\n\t\t\t\t<div class=\"elementor-element elementor-element-eff1776 vamtam-has-underline-anim elementor-widget__width-initial elementor-mobile-align-left elementor-widget elementor-widget-button\" data-id=\"eff1776\" data-element_type=\"widget\" data-e-type=\"widget\" data-widget_type=\"button.default\">\n\t\t\t\t<div class=\"elementor-widget-container\">\n\t\t\t\t\t\t\t\t\t<div class=\"elementor-button-wrapper\">\n\t\t\t\t\t<a class=\"elementor-button elementor-button-link elementor-size-sm\" href=\"https:\/\/www.fpc.org.pl\/kariatydy-czytelnictwa\/edycja2023\/\">\n\t\t\t\t\t\t<span class=\"elementor-button-content-wrapper\">\n\t\t\t\t\t\t\t\t\t<span class=\"elementor-button-text\">Zobacz wi\u0119cej<\/span>\n\t\t\t\t\t<\/span>\n\t\t\t\t\t<\/a>\n\t\t\t\t<\/div>\n\t\t\t\t\t\t\t\t<\/div>\n\t\t\t\t<\/div>\n\t\t\t\t<\/div>\n\t\t\t\t\t<\/div>\n\t\t\t\t<\/div>\n\t\t\t\t<\/div>\n\t\t","protected":false},"excerpt":{"rendered":"<p>Kariatydy Czytelnictwa EDYCJA II2022 Fundacja Powszechnego Czytania\u00a0 po raz drugi przyzna\u0142a Kariatydy Czytelnictwa. Jest to wyr\u00f3\u017cnienie i wyraz ogromnej wdzi\u0119czno\u015bci dla ludzi, instytucji, firm, kt\u00f3re dzia\u0142aj\u0105 na rzecz upowszechniania czytania i w znacz\u0105cy spos\u00f3b wspieraj\u0105 projekty fundacji. Tytu\u0142 Kariatyda Czytelnictwa za rok 2022 otrzymali: Polska Izba Ksi\u0105\u017cki KBF \u2013 Krakowskie Biuro Festiwalowe Wroc\u0142awski Dom Literatury&#8230;<\/p>","protected":false},"author":2,"featured_media":0,"parent":22615,"menu_order":0,"comment_status":"closed","ping_status":"closed","template":"","meta":{"_acf_changed":false,"give_campaign_id":0,"footnotes":""},"class_list":["post-987876","page","type-page","status-publish","hentry","odd"],"acf":[],"campaignId":"","_links":{"self":[{"href":"https:\/\/www.fpc.org.pl\/eng\/wp-json\/wp\/v2\/pages\/987876","targetHints":{"allow":["GET"]}}],"collection":[{"href":"https:\/\/www.fpc.org.pl\/eng\/wp-json\/wp\/v2\/pages"}],"about":[{"href":"https:\/\/www.fpc.org.pl\/eng\/wp-json\/wp\/v2\/types\/page"}],"author":[{"embeddable":true,"href":"https:\/\/www.fpc.org.pl\/eng\/wp-json\/wp\/v2\/users\/2"}],"replies":[{"embeddable":true,"href":"https:\/\/www.fpc.org.pl\/eng\/wp-json\/wp\/v2\/comments?post=987876"}],"version-history":[{"count":22,"href":"https:\/\/www.fpc.org.pl\/eng\/wp-json\/wp\/v2\/pages\/987876\/revisions"}],"predecessor-version":[{"id":989950,"href":"https:\/\/www.fpc.org.pl\/eng\/wp-json\/wp\/v2\/pages\/987876\/revisions\/989950"}],"up":[{"embeddable":true,"href":"https:\/\/www.fpc.org.pl\/eng\/wp-json\/wp\/v2\/pages\/22615"}],"wp:attachment":[{"href":"https:\/\/www.fpc.org.pl\/eng\/wp-json\/wp\/v2\/media?parent=987876"}],"curies":[{"name":"wp","href":"https:\/\/api.w.org\/{rel}","templated":true}]}}